{"id":1003,"date":"2019-02-12T15:12:50","date_gmt":"2019-02-12T14:12:50","guid":{"rendered":"http:\/\/bv.entwurfsansicht.de\/?page_id=1003"},"modified":"2025-11-04T11:29:55","modified_gmt":"2025-11-04T10:29:55","slug":"zahlungsarten","status":"publish","type":"page","link":"https:\/\/www.bauchvital.de\/staging-website\/zahlungsarten\/","title":{"rendered":"Zahlungsarten"},"content":{"rendered":"\t\t<div data-elementor-type=\"wp-page\" data-elementor-id=\"1003\" class=\"elementor elementor-1003\">\n\t\t\t\t<div class=\"elementor-element elementor-element-3e55a684 e-flex e-con-boxed e-con e-parent\" data-id=\"3e55a684\" data-element_type=\"container\" data-e-type=\"container\">\n\t\t\t\t\t<div class=\"e-con-inner\">\n\t\t\t\t<div class=\"elementor-element elementor-element-d231216 elementor-widget elementor-widget-text-editor\" data-id=\"d231216\" data-element_type=\"widget\" data-e-type=\"widget\" data-widget_type=\"text-editor.default\">\n\t\t\t\t\t\t\t\t\t<h1 class=\"has-subhead\">Zahlungsarten<\/h1><p>Sehr geehrter Kunde,<\/p><p>grunds\u00e4tzlich stehen Ihnen zur Bezahlung Ihrer Bestellung die nachstehenden Zahlungsm\u00f6glichkeiten zur Verf\u00fcgung:<\/p><h3><strong>Zahlung per Amazon Payments<\/strong><\/h3><p>Mit Amazon Payments k\u00f6nnen Sie in unserem Onlineshop schnell, sicher, verl\u00e4sslich und bequem mit Ihrem Amazon Konto und den dort bereits hinterlegten Zahlungs- und Versandinformationen bezahlen. Der Kaufbetrag wird dabei sofort auf unser Bankkonto \u00fcberwiesen. So erhalten Sie Ihre Ware noch schneller.<\/p><h3><strong>Zahlung per PayPal<\/strong><\/h3><p>Die Zahlungsweise PayPal erm\u00f6glicht es Ihnen in Onlineshops sicher, einfach und schnell bezahlen zu k\u00f6nnen. Der Kaufbetrag wird dabei sofort auf unser Bankkonto \u00fcberwiesen. So erhalten Sie Ihre Ware noch schneller. Voraussetzung f\u00fcr die Zahlung mit PayPal ist ein bei PayPal kostenlos registriertes Benutzerkonto. Weitere Informationen \u00fcber PayPal und die M\u00f6glichkeit zur Anmeldung finden Sie unter <u><a href=\"https:\/\/www.paypal.de\/\">https:\/\/www.paypal.de\/<\/a>.<\/u><\/p><h3><strong>Zahlung per Rechnung<\/strong><\/h3><p>Beim Kauf auf Rechnung erhalten Sie erst die Ware und zahlen dann. W\u00e4hlen Sie einfach in unserem Bestellprozess die Zahlung per Rechnung aus. Alle notwendigen Informationen finden Sie dann in Ihrer \u00fcbersandten Rechnung.<\/p>\t\t\t\t\t\t\t\t<\/div>\n\t\t\t\t\t<\/div>\n\t\t\t\t<\/div>\n\t\t\t\t<\/div>\n\t\t","protected":false},"excerpt":{"rendered":"<p>Zahlungsarten Sehr geehrter Kunde, grunds\u00e4tzlich stehen Ihnen zur Bezahlung Ihrer Bestellung die nachstehenden Zahlungsm\u00f6glichkeiten zur Verf\u00fcgung: Zahlung per Amazon Payments Mit Amazon Payments k\u00f6nnen Sie in unserem Onlineshop schnell, sicher, verl\u00e4sslich und bequem mit Ihrem Amazon Konto und den dort bereits hinterlegten Zahlungs- und Versandinformationen bezahlen. Der Kaufbetrag wird dabei sofort auf unser Bankkonto \u00fcberwiesen. [&hellip;]<\/p>\n","protected":false},"author":3,"featured_media":0,"parent":0,"menu_order":0,"comment_status":"closed","ping_status":"closed","template":"elementor_header_footer","meta":{"site-sidebar-layout":"default","site-content-layout":"","ast-site-content-layout":"default","site-content-style":"default","site-sidebar-style":"default","ast-global-header-display":"","ast-banner-title-visibility":"","ast-main-header-display":"","ast-hfb-above-header-display":"","ast-hfb-below-header-display":"","ast-hfb-mobile-header-display":"","site-post-title":"","ast-breadcrumbs-content":"","ast-featured-img":"","footer-sml-layout":"","ast-disable-related-posts":"","theme-transparent-header-meta":"","adv-header-id-meta":"","stick-header-meta":"","header-above-stick-meta":"","header-main-stick-meta":"","header-below-stick-meta":"","astra-migrate-meta-layouts":"default","ast-page-background-enabled":"default","ast-page-background-meta":{"desktop":{"background-color":"var(--ast-global-color-5)","background-image":"","background-repeat":"repeat","background-position":"center center","background-size":"auto","background-attachment":"scroll","background-type":"","background-media":"","overlay-type":"","overlay-color":"","overlay-opacity":"","overlay-gradient":""},"tablet":{"background-color":"","background-image":"","background-repeat":"repeat","background-position":"center center","background-size":"auto","background-attachment":"scroll","background-type":"","background-media":"","overlay-type":"","overlay-color":"","overlay-opacity":"","overlay-gradient":""},"mobile":{"background-color":"","background-image":"","background-repeat":"repeat","background-position":"center center","background-size":"auto","background-attachment":"scroll","background-type":"","background-media":"","overlay-type":"","overlay-color":"","overlay-opacity":"","overlay-gradient":""}},"ast-content-background-meta":{"desktop":{"background-color":"var(--ast-global-color-4)","background-image":"","background-repeat":"repeat","background-position":"center center","background-size":"auto","background-attachment":"scroll","background-type":"","background-media":"","overlay-type":"","overlay-color":"","overlay-opacity":"","overlay-gradient":""},"tablet":{"background-color":"var(--ast-global-color-4)","background-image":"","background-repeat":"repeat","background-position":"center center","background-size":"auto","background-attachment":"scroll","background-type":"","background-media":"","overlay-type":"","overlay-color":"","overlay-opacity":"","overlay-gradient":""},"mobile":{"background-color":"var(--ast-global-color-4)","background-image":"","background-repeat":"repeat","background-position":"center center","background-size":"auto","background-attachment":"scroll","background-type":"","background-media":"","overlay-type":"","overlay-color":"","overlay-opacity":"","overlay-gradient":""}},"footnotes":""},"class_list":["post-1003","page","type-page","status-publish","hentry"],"_links":{"self":[{"href":"https:\/\/www.bauchvital.de\/staging-website\/wp-json\/wp\/v2\/pages\/1003","targetHints":{"allow":["GET"]}}],"collection":[{"href":"https:\/\/www.bauchvital.de\/staging-website\/wp-json\/wp\/v2\/pages"}],"about":[{"href":"https:\/\/www.bauchvital.de\/staging-website\/wp-json\/wp\/v2\/types\/page"}],"author":[{"embeddable":true,"href":"https:\/\/www.bauchvital.de\/staging-website\/wp-json\/wp\/v2\/users\/3"}],"replies":[{"embeddable":true,"href":"https:\/\/www.bauchvital.de\/staging-website\/wp-json\/wp\/v2\/comments?post=1003"}],"version-history":[{"count":6,"href":"https:\/\/www.bauchvital.de\/staging-website\/wp-json\/wp\/v2\/pages\/1003\/revisions"}],"predecessor-version":[{"id":15681,"href":"https:\/\/www.bauchvital.de\/staging-website\/wp-json\/wp\/v2\/pages\/1003\/revisions\/15681"}],"wp:attachment":[{"href":"https:\/\/www.bauchvital.de\/staging-website\/wp-json\/wp\/v2\/media?parent=1003"}],"curies":[{"name":"wp","href":"https:\/\/api.w.org\/{rel}","templated":true}]}}