{"id":11,"date":"2019-01-17T16:09:15","date_gmt":"2019-01-17T15:09:15","guid":{"rendered":"http:\/\/bv.entwurfsansicht.de\/?page_id=11"},"modified":"2025-11-04T11:27:22","modified_gmt":"2025-11-04T10:27:22","slug":"impressum","status":"publish","type":"page","link":"https:\/\/www.bauchvital.de\/staging-website\/impressum\/","title":{"rendered":"Impressum"},"content":{"rendered":"\t\t<div data-elementor-type=\"wp-page\" data-elementor-id=\"11\" class=\"elementor elementor-11\">\n\t\t\t\t<div class=\"elementor-element elementor-element-17e527d7 e-flex e-con-boxed e-con e-parent\" data-id=\"17e527d7\" data-element_type=\"container\" data-e-type=\"container\">\n\t\t\t\t\t<div class=\"e-con-inner\">\n\t\t\t\t<div class=\"elementor-element elementor-element-29f2f56b elementor-widget elementor-widget-text-editor\" data-id=\"29f2f56b\" data-element_type=\"widget\" data-e-type=\"widget\" data-widget_type=\"text-editor.default\">\n\t\t\t\t\t\t\t\t\t<h1 class=\"has-subhead\">Impressum<\/h1><p>Angaben gem\u00e4\u00df \u00a7 5 TMG:<\/p><h3>Laktonova GmbH<\/h3><p>Bienenweg 23<br \/>26188 Edewecht-Friedrichsfehn<\/p><p>Telefon: 030 \/ 27 58 93 63<br \/>Fax: 04405 \u2013 181 9999<br \/>E-Mail: kontakt@laktonova.de<\/p><p>Gesch\u00e4ftsf\u00fchrer: Thilo Schleip<br \/>Registergericht: Oldenburg<br \/>Handelsregisternummer: HRB 206683<\/p><p>Ust-ID: DE282655805<\/p><p><label class=\"col-sm-6 col-md-6\"><\/label>LUCID Verpackungsregister Nummer: DE3263398288304<\/p><p>Inhaltlich Verantwortlicher: Thilo Schleip, Bienenweg 23 in 26188 Edewecht-Friedrichsfehn<\/p><h3>Haftungsausschluss<\/h3><p class=\"p1\">Nach den allgemeinen gesetzlichen Bestimmungen sind wir f\u00fcr eigene Inhalte auf unserer Webpr\u00e4senz verantwortlich. Wir sind jedoch nicht verpflichtet, \u00fcbermittelte oder gespeicherte fremde Informationen zu \u00fcberwachen oder nach Gegebenheiten zu forschen, die auf eine rechtswidrige T\u00e4tigkeit hinweisen. Entsprechende Verpflichtungen die zur Entfernung oder Sperrung der Nutzung von Informationen nach den allgemeinen Gesetzen f\u00fchren, bleiben hiervon unber\u00fchrt.<\/p><p class=\"p1\">Eine Haftung hierf\u00fcr ist fr\u00fchestens ab Kenntnisnahme der konkreten Rechtsverletzung m\u00f6glich. Eine Entfernung von rechtsverletzenden Inhalten wird nach Kenntnisnahme unverz\u00fcglich erfolgen.<\/p><p class=\"p1\">Wir m\u00f6chten darauf hinweisen, dass unsere Webseite auch Links zu externen Webseiten Dritter enth\u00e4lt, auf deren Inhalt wir keinen Einfluss haben. Daher werden f\u00fcr diese fremden Inhalte auch keine Gew\u00e4hr und keine Haftung \u00fcbernommen. F\u00fcr die fremden Inhalte ist stets der jeweilige Betreiber der Seiten verantwortlich. Vor der Verlinkung wurden die Seiten auf m\u00f6gliche rechtswidrige Inhalte gepr\u00fcft. Solche waren jedoch zum Zeitpunkt der Verlinkung nicht erkennbar. Eine st\u00e4ndige \u00dcberwachung der Inhalte der externen Webseiten ist ohne Hinweis auf eine m\u00f6gliche Rechtsverletzung nicht m\u00f6glich und auch nicht zumutbar.<\/p><p class=\"p1\">Jedoch werden diese externen Links nach Kenntnisnahme von Rechtsverletzungen unverz\u00fcglich entfernt.<\/p><p class=\"p1\">Alle Inhalte dieser Seiten unterliegen dem Urheberrecht. Inhalte und Beitr\u00e4ge Dritter sind entsprechend gekennzeichnet. Die Vervielf\u00e4ltigung, Bearbeitung, Verbreitung und jede Art der Verwertung au\u00dferhalb der Grenzen des Urheberrechtes bed\u00fcrfen der schriftlichen Zustimmung des jeweiligen Verfassers. Kopien dieser Seiten sind ausdr\u00fccklich nur f\u00fcr den privaten Gebrauch gestattet.<\/p><p class=\"p1\">Wir als Betreiber dieser Seiten sind stets bem\u00fcht, Urheberrechte anderer zu wahren.<\/p><p class=\"p1\"><em>Dieses Impressum wurde von <a href=\"http:\/\/www.gepruefter-webshop.de\">www.gepruefter-webshop.de<\/a> erstellt und wird regelm\u00e4\u00dfig auf Rechtssicherheit kontrolliert. Im Falle einer Abmahnung \u00fcbernimmt Gepr\u00fcfter Webshop die vollst\u00e4ndige Haftung f\u00fcr die erstellten Rechtstexte.<\/em><\/p><h3><span style=\"font-size: 20.16px; color: #333333;\">Fotos<\/span><\/h3><ul><li>Startseite: Bauch \u00a9 Sandor Kacso \u2013 Fotolia.com; Familie \u00a9\u00a0Kostia \u2013 Fotolia.com<\/li><li>Holunderbl\u00fcte \u00a9 Christian Jung \u2013 Fotolia.com<\/li><li>Jasminbl\u00fcte \u00a9 margo555 \u2013 Fotolia.com<\/li><li>Gerbera orange \u00a9 karandaev \u2013 Fotolia.com<\/li><li>Lavendel \u00a9 nito \u2013 Fotolia.com<\/li><li>Vanille \u00a9 Valentina R. \u2013 Fotolia.com<\/li><li>Abdigest: Bauch \u00a9 visivasnc \u2013 Fotolia.com<\/li><li>Betacur: Wein mit Essen \u00a9 karandaev \u2013 Fotolia.com<\/li><li>Fructobalax: Frau mit Orangensaft \u00a9 juiceteam2013 \u2013 Fotolia.com<\/li><li>Multidigest:\u00a0#62173142 \u2013\u00a0Grocery shopping\u00a0\u00a9 Minerva Studio\u00a0\u2013 Fotolia.com<\/li><li>Resotadin: hands shape heart on belly woman\u00a0\u00a9 visivasnc \u2013 Fotolia.com<\/li><li>Betagluten:\u00a0#27419270 \u2013\u00a0??\u00a0\u00a9 kazoka303030 \u2013 Fotolia.com<\/li><li>Alle Produktseiten:\u00a0#43263464 | Frau auf dem Sofa \u2013 Urheber:\u00a0Picture-Factory \u2013 Fotolia.de<\/li><li>Alle Produktseiten:\u00a0#58916402 | Frau in der Apotheke \u2013 Urheber:\u00a0pix4U \u2013 Fotolia.de<\/li><li>Fructophan: #49232510 Fotolia Fruit Punch \u2013 Urheber: Okea<\/li><li>Fructophan: #99777232 Fotolia Beauty Woman \u2013 Urheber: Antonio Guillem<\/li><li>Fructophan: #Fotolia # 77336312 Urheber: Thaut Images<\/li><li>Multidigest: Fotolia #2845759 \u2013 Sommersonne \u2013 Urheber: Doerrn Salcher<\/li><li>Betagluten: Fotolia #Family at Park \u2013 Urheber: Monkey Business<\/li><li>Betagluten: Fotolia #30896026 \u2013 Young beautiful girl \u2013 Urheber: Gilles Lougassi<\/li><li>Resotadin: Fotolia #38214475 \u2013 Riding on bicycles \u2013 Urheber: Lucky Images<\/li><li>Betagluten: Fotolia #38922071 \u2013 Composition with bread \u2013 Urheber: Monticelllo<\/li><li>Abdigest: Fotolia #39207536 \u2013 Frau mit Glas \u2013 Urheber: Kreativ Loft GmbH<\/li><li>Resotadin: Fotolia #4258370 \u2013 Young business woman \u2013 Urheber: Sergey Nivens<\/li><li>Abdigest: Fotolia #54616151 \u2013 Fr\u00fchst\u00fcck im Freien \u2013 Urheber: Underdogstudios<\/li><li>Fructobalax: Fotolia #54733351 \u2013 M\u00e4dchen mit Gem\u00fcse \u2013 Urheber: Underdogstudios<\/li><li>Fructobalax: Fotolia #56456641 \u2013 Leamons with leaves \u2013 Urheber: Alex Lukin<\/li><li>Betacur: Fotolia #57964457 \u2013 Histaminintoleranz \u2013 Urheber: Doc Rabe Media<\/li><li>Multidigest: Fotolia #61195341 \u2013 Fresh orange \u2013 Urheber: Valery<\/li><li>Multidigest: Fotolia #73505812 \u2013 Kid girl preparing \u2013 Urheber: Oksana Kuzmina<\/li><li>Fructobalax: Fotolia #75872686 \u2013 Ern\u00e4hrung mit Fructose \u2013 Urheber: PhotoSG<\/li><li>Multidigest: Fotolia #76706083 \u2013 Fliegender Obstsalat \u2013 Urheber: Markus Mainka<\/li><li>Multidigest: Fotolia #77633180 \u2013 Woman showing thumb \u2013 Urheber: VGStudio<\/li><li>Betagluten: Fotolia #77893572 \u2013 Glutenfrei \u2013 Urheber: Photocrew<\/li><li>Abdigest: Fotolia #78815915 \u2013 Ern\u00e4hrung \u2013 Urheber: Underdogstudios<\/li><li>Resotadin: Fotolia #80894639 \u2013 Bauchschmerzen \u2013 Urheber: Underdogstudios<\/li><li>Betacur: Fotolia #82598851 \u2013 Stomach ache \u2013 Urheber: Andrey Popov<\/li><li>Fructobalax: Fotolia #82856725 \u2013 Frau mit Schmerzen \u2013 Urheber: Dan Race<\/li><li>Fructobalax: Fotolia #87649398 \u2013 Apple Juice \u2013 Urheber: Africa Studio<\/li><li>Betacur: Fotolia #88106066 \u2013 Junge Frau \u2013 Urheber: Spectral Design<\/li><li>Resotadin: Fotolia #89671808 \u2013 Young Woman \u2013 Urheber: Lenets Tan<\/li><li>Betagluten: Fotolia #89678969 \u2013 Happy Woman \u2013 Urheber: Jenko Ataman<\/li><li>Fructobalax: Fotolia #90012313 \u2013 Healthy Lunch Preparation \u2013 Urheber: Photographee.eu<\/li><li>Fructophan: Fotolia #92462849 \u2013 Young woman cooking in the kitchen \u2013 Urheber: Elena Kharichkina<\/li><li>Betacur: Fotolia # 93066009 \u2013 Senior dizziness \u2013 Urheber: Photographee.eu<\/li><li>Fructobalax: Fotolia #96332345 \u2013 Haferflocken \u2013 Urheber: PhotoSG<\/li><li>Abdigest: Fotolia #97485729 \u2013 Health care professionals in lab \u2013 Urheber: kasto<\/li><li>Betacur: Fotolia #99770153 \u2013 Elderly Woman \u2013 Urheber: Kurhan<\/li><li>Betacur: Fotolia #99777512 \u2013 Headache \u2013 Urheber: Antonio Guillem<\/li><li>Betacur: Fotolia #100197164 \u2013 I am sick \u2013 Urheber: Ines Bazdar<\/li><li>Betadianin: Fotolia #71821540 \u2013 Ripe pineapple with leaf \u2013 Urheber:\u00a0Belokoni Dmitri<\/li><li>Betadianin: Fotolia: #64979001 \u2013 Beautiful blonde pharmacist in drugstore or pharmacy smiling \u2013 Urheber:\u00a0Hoda Bogdan<\/li><li>Betadianin: Fotolia #117742786 \u2013 smiling young woman eating salad at home \u2013 Urheber:\u00a0Syda Productions<\/li><li>Fructophan: Fotolia #42158128 \u2013 beautiful girl enjoying the summer sun \u2013 Urheber: JenkoAtaman<\/li><li>Fructophan: #346136609 adobe media, Happy family cooking, Urheber: deniskomarov<\/li><li>Betadianin: adobe media #346136610 Children and parents cook together at home in the kitchen, Urheber:\u00a0deniskomarov<\/li><li>Abdigest: adobe media, #99889029, Young woman sitting on the mountain at sunset. Summer landscape, Urheber: den-belitsky<\/li><li>Omnitadin: adobe media, #294669689, beautiful family is looking the landscape during a trekking, Urheber: Lsantilli<\/li><li>Betacur: adobe media, #282648725, Freshly Picked Blueberries on Dark Slate Background<br \/>Urheber:\u00a0Pasko Maksim<\/li><li>Multidigest: adobe media, #251067783, Happy smiling woman rides a bicycle on the country road under blossom trees. Spring is comming concept image. Urheber: Soloviova Liudmyla<\/li><li>Resitadin: adobe media, #366039431, Couple doing sport on the street. Von Vasyl<\/li><li>Resitadin: adobe media, #364688332, Couple doing sport on the street. Von Vasyl<\/li><li>Resitadin: adobe media, #366039289, Couple doing sport on the street. Von Vasyl<\/li><li>Resitadin: adobe media, #366039431, Couple doing sport on the street. Von Vasyl<\/li><li>Resitadin: adobe media, #371904788<\/li><li>Resitadin: adobe media, #571464594<\/li><li>Resitadin: adobe media, #109503209, Happy family with kids. Von Kurhan<\/li><li>Resitadin, adobe media, #571464594, Woman, heart and hands on stomach for fitness, weightloss diet or holistic gut wellness. Closeup female abdomen, love fingers or belly emoji of body digestion, skincare and healthy exercise in &#8230; Von peopleimages.com<\/li><li>Resitadin, adobe media, #124542560, Abwehrkr\u00e4fte und Immunit\u00e4t &#8211; Illustration Bakterien. Von ag visuell<\/li><li>Resitadin, IStock Media, 611076046<\/li><li>Resitadin, IStock Media, 1130701632<\/li><li>Adobe media, panoramic crop of happy woman pouring tea in cup near cheerful man and burning bonfire. Von LIGHTFIELD STUDIOS<\/li><li>Adobe media, autumn coffee on a rainy day, girl behind a glass with a cup of hot coffee<\/li><li>Von kichigin19<\/li><li>Adobe media, Sporty woman with her hands on her belly in front of the mirror.<\/li><li>Von nenetus<\/li><li>Adobe media, Attractive woman designer working from home-office<\/li><li>Von goodluz<\/li><li>Adobe media, Portrait of beautiful middle-aged woman relaxing in office<\/li><li>Von goodluz<\/li><li>Adobe media, Set of medical capsules with probiotics, omega oils and multivitamins in the wooden spoons with blooming cherry branches on white background. Immunity support supplements. Health care concept. Von Iryna<\/li><li>Adobe media, Beautiful 30s woman closed eyes put hands behind head relaxing on comfortable sofa in cozy warm light living room with houseplants, no stress concept, horizontal photo banner for website header design. Von fizkes<\/li><li>Adobe media, Multl generation family in autumn park having fun. Von Mediteraneo<\/li><li>Adobe media, Defocused spring landscape. Beautiful nature with flowering willow branches and forest road against blue sky with clouds, soft focus. Von Laura Pashkevich<\/li><li>Adobe media, A person picking up vegetables from a table. Generative AI image. Von starush<\/li><li>Adobe media, Senior couple smiling.. Von grinn<\/li><li>Adobe media, Adobe media, Athletic woman eating a healthy bowl of muesli with fruit sitting on floor in the kitchen at home. Von nenetus<\/li><li>Adobe media, Fit woman enjoying healthy food after fitness exercise Happy young female eating natural granola with cranberries on fitness mat at home<\/li><li>Von HN Works<\/li><li>Adobe media, Heart hands, mockup and stomach of woman with gut health, diet or detox results at gym for wellness or training. Weight loss, abdomen and female athlete at a fitness center with finger frame for care . Von aLListar\/peopleimages.com<\/li><li>Adobe media, Happy beautiful young woman having good healthy snack after workout, sitting on yoga mat on floor with fit ball and dumbbells, eating muesli, kiwi, blueberries and raspberries. Sport food diet concept . Von Studio Romantic<\/li><li>Adobe media, Woman making a pink smoothie in the kitchen. Healthy food concept. Generative AI. Von barmaleeva<\/li><li>Adobe media, Photo of minded nice woman dressed print overall hold plate with fruits look empty space finger teeth isolated on pink color background. Von deagreez<\/li><li>Adobe media, Happy couple in the park on a sunny day having fun. Von Igor Link<\/li><li>Adobe media, Portrait of beauty body slim healthy asian woman drinking glass of juice and orange.young girl preparing cooking healthy drink with fresh orange juice in kitchen at home. Diet concept.healthy drink. Von Art_Photo<\/li><li>Adobe media, Close up woman hands made heart on belly isolated on white background banner size.health care digesting concept. Von SizeSquare&#8217;s<\/li><li>Adobe media, Its just better when youre outside. Shot of a young man enjoying a hike through the mountains.. Von Mikolette Moller\/peopleimages.com<\/li><li>Adobe media, Halved lemons and oranges on vibrant colored wave backgrounds. Paper art style on photo. Concept of citrus, vitamin C, fruit. Von \u041e\u043b\u044c\u0433\u0430 \u0425\u043e\u043b\u044f\u0432\u0438\u043d\u0430<\/li><li>Adobe media, Set of mint leaves with drops isolated on white background. Von Vasilii<\/li><li>Adobe media, Patient suffering from stomach ache having consultation with female doctor in medical office. Young woman visiting gastroenterologist, gynecologist, therapist, GP in medical clinicWeniger anzeigen Von Studio Romantic<\/li><li>Adobe media, Cheese and salami sandwich. Von Pixelbliss<\/li><li>Adobe media, white pill capsules on white background. Von nortongo<\/li><li>Adobe media, orange isolated on white background. Von sommai<\/li><li>Adobe media, Fresh lemon with half. Von egorxfi<\/li><li>Adobe media, Beautiful laughing woman holding two ripe tomatoes. Von BillionPhotos.com<\/li><li>Adobe media, Gluten allergy, asian young woman hand push out, refusing to eat white bread slice on plate in breakfast food meal at home, girl having a stomach ache. Gluten intolerant and Gluten free diet concept.Weniger anzeigen. Von KMPZZZ<\/li><li>Adobe media, Frau bereitet einen smoothie mit dem mixer zu. Von contrastwerkstatt<\/li><li>Adobe media, closeup of a fruit drink. Von PhotoFlex<\/li><li>Adobe media, Nutritionism. fresh vegetable and fruit on desk with nutritionist female doctor working at office hospital, nutrition, diet plan, nutrition, food science, healthy food concept. Von Pravit<\/li><li>Adobe media, Young Male Research Looks into Camera and Smiles. He&#8217;s Sitting in a High-End Modern Laboratory with Beakers, Glassware, Microscope and Working Monitors Surround Him.\u00a0 Von Gorodenkoff<\/li><li>Adobe media, Virus cells. Von Jezper<\/li><li>Adobe media, Frutta. Von Photobeps<\/li><li>Adobe media, Young woman eating fruit salad. Von monticellllo<\/li><li>Adobe media, happy family in autumn. Von drubig-photo<\/li><li>Adobe media, Woman feeling cold in winter. Von Rido<\/li><li>Adobe media, Young woman running in the park. Active person outdoors at the dusk in summer. Von candy1812<\/li><li>Adobe media, Tea cups, fruits and grapes on plaid in park. Autumn picnic on nature. Cozy autumn outdoor concept. Von Anikonaann<\/li><li>Adobe media, Waist up portrait of serious male running in park. He is listening to music with concentration while jogging. Copy space in left side. Von Yakobchuk Olena<\/li><li>Adobe media, Winter woman with cup of hot tea. Von gpointstudio<\/li><li>Adobe media, Bike, cycling and couple with a travel woman on summer vacation or holiday riding on the promenade by the beach. Freedom, date and romance with a girlfriend outdoor for a ride on the coast. Von GR\/peopleimages.com<\/li><li>Adobe media, Tired business woman in stress works at a laptop while sitting at a table at home and holds her hand on her temples, migraine attack. Freelance, work from home. Von Valerii Apetroaiei<\/li><li>Adobe media, Blutuntersuchung, Blutprobe auf einem Laborformular, Blut. Von Henrik Dolle<\/li><li>Adobe media, Junge Frau im Herbst. Von DoraZett<\/li><li>Adobe media, Female Nutritionist Or Dietitian In Laboratory. Von Andrey Popov<\/li><li>Adobe media, Eating healthy breakfast. Woman holding bowl of cereal. Close-up.. Von bnenin<\/li><li>Adobe media, Legionellen. Von peterschreiber.media<\/li><li>Adobe media, Von Masson<\/li><li>Adobe media, Hot chinese green tea with mint, with splash pouring from the kettle into the cup, steam rises, dark background, selective focus. Von 5ph<\/li><li>Adobe media, Leerer Holztisch im Gr\u00fcnen, made by Ai, Ai-Art. Von Anja K<\/li><li>Adobe media, Young Asian Girl Relaxing In Modern Wicker Chair Near Window. Von Prostock-studio<\/li><li>Adobe media, Bacteria. Bacterium. Blue color. Prokaryotic microorganisms. 3d illustration. Banner. Von MP<\/li><li>Adobe media, Pfefferminztee. Von karepa<\/li><li>Adobe media, Golden cornfield in sunny day. Von Igor Strukov<\/li><li>Adobe media, Enthusiastic family under umbrella in downpour. Von Chris Ryan\/KOTO<\/li><li>Adobe media, Young asian woman in underwear looking in mirror with belly figure slim is diet and doing hand is a heart shape at home, beauty body girl in lingerie shape fit with weight loss, banner website. Von N_studio<\/li><li>Adobe media, Couple doing sport on the street. Von Vasyl<\/li><li>Adobe media, Healthy fresh fruit salad in bowl on gray concrete background. top view. Copy space. Von Hazal<\/li><li>Adobe media, vector graduation cap and diploma icons. Von 4luck<\/li><li>Adobe media, Caution signs. Von 4zevar<\/li><li>Adobe media, Prohibited, block, warning, no sign icon . Von Sov<\/li><li>Adobe media, Check leaf logo vegetarian quality ecology vegan green eco element organic symbol. Vector illustration. Von StudioGraphic<\/li><li>Adobe media, Government buildings icons. Von Macrovector<\/li><li>Adobe media, Couple doing sport on the street. Von Vasyl<\/li><li>Adobe media, Happy family with kids . Von grinny<\/li><li>Adobe media, Woman, heart and hands on stomach for fitness, weightloss diet or holistic gut wellness. Closeup female abdomen, love fingers or belly emoji of body digestion, skincare and healthy exercise in nature. Von T Mdlungu\/peopleimages.com<\/li><li>Adobe media, Celiac Disease And Gluten Intolerance. Women Holding Spikelet. Von Andrey Popov<\/li><li>Adobe media. Nutritionist advising patient on healthy diet with plant-based foods.<span style=\"color: #555555;\">Von 2rogan<\/span><\/li><li>Adobe media. Mensch und Abwehrkr\u00e4fte. Von ag visuell<\/li><li>Adobe media. A young man preparing a healthy breakfast in the kitchen, adding milk with probiotics to a bowl of strawberries. Von TopMicrobialStock<\/li><li>Adobe media. closeup. Executive woman in the office. Von ASDF<\/li><li>Adobe media. Beautiful woman holding a healthy green smoothie in a kitchen. Von Tijana<\/li><li>Adobe media. Sad middle aged woman thinking about problems. Von Prostock-studio<\/li><li>Adobe media. Nutritionist advising patient on healthy diet with plant-based foods.. Von 2rogan<\/li><li>Adobe media. Thoughtful woman sitting at table with cup of tea. Von fizkes<\/li><li>Adobe media. Einkauf auf dem Markt, Frau mit Einkaufskorb auf dem Markt kauft Obst und Gem\u00fcse. Von Wellnhofer Designs<\/li><li>Adobe media. Female nutritionist giving consultation to patient. Making diet plan. Von Svyatoslav Lypynskyy<\/li><li>Adobe media. Woman, happy and cut vegetable in kitchen for healthy salad, meal prep and weight loss with hydration. Female person, thinking and cucumber in house for nutrition, gut health and diet food with&#8230; Von peopleimages.com<\/li><li>Adobe media. Close up woman hands made heart on belly isolated on white background banner size.health care digesting concept.<br \/>Von SizeSquare&#8217;s<\/li><li>Adobe media. Probiotic capsules surrounded by an assortment of fresh vegetables and fruits on a rustic wooden table background. Von indyntk<\/li><li>Adobe media. Woman Suffering From Stomach Pain. Von Andrey Popov<\/li><li>Adobe media. Smiling nutritionist making notes. Von Photographee.eu<\/li><li>Adobe media. Sad young woman looking through window. Von Wrangler<\/li><li>Adobe media. Woman nutritionist doctor writes the medical prescription for a correct diet on a desk with fruits, pills and supplements. Von nenetus<\/li><li>Adobe media. Lactose intolerance and Milk allergy concept. woman hold Milk glass and having abdominal cramps and pain when drink Cow Milk. Symptom stomach ache, Dairy intolerant, Nausea, Bloating, Gas and &#8230; Mehr anzeigen. Von Jo Panuwat D<\/li><li>Adobe media. Young woman suffering from abdominal pain at home. Von Pixel-Shot<\/li><li>Adobe media. various dairy products, milk and cheese. Close up on a wooden background. Von Anna<\/li><li>Adobe media. Gluten allergy, asian young woman hand push out, refusing to eat white bread slice on plate in breakfast food meal at home, girl having a stomach ache. Gluten intolerant and Gluten free diet &#8230; Von KMPZZZ<\/li><li>Adobe media. Celiac Disease And Gluten Intolerance. Women Holding Spikelet. Von Andrey Popov<\/li><li>Adobe media. Woman holding board with gluten and bread. Von Voyagerix<\/li><\/ul>\t\t\t\t\t\t\t\t<\/div>\n\t\t\t\t\t<\/div>\n\t\t\t\t<\/div>\n\t\t\t\t<\/div>\n\t\t","protected":false},"excerpt":{"rendered":"<p>Impressum Angaben gem\u00e4\u00df \u00a7 5 TMG: Laktonova GmbH Bienenweg 2326188 Edewecht-Friedrichsfehn Telefon: 030 \/ 27 58 93 63Fax: 04405 \u2013 181 9999E-Mail: kontakt@laktonova.de Gesch\u00e4ftsf\u00fchrer: Thilo SchleipRegistergericht: OldenburgHandelsregisternummer: HRB 206683 Ust-ID: DE282655805 LUCID Verpackungsregister Nummer: DE3263398288304 Inhaltlich Verantwortlicher: Thilo Schleip, Bienenweg 23 in 26188 Edewecht-Friedrichsfehn Haftungsausschluss Nach den allgemeinen gesetzlichen Bestimmungen sind wir f\u00fcr eigene Inhalte [&hellip;]<\/p>\n","protected":false},"author":2,"featured_media":0,"parent":0,"menu_order":0,"comment_status":"closed","ping_status":"closed","template":"elementor_header_footer","meta":{"site-sidebar-layout":"default","site-content-layout":"","ast-site-content-layout":"default","site-content-style":"default","site-sidebar-style":"default","ast-global-header-display":"","ast-banner-title-visibility":"","ast-main-header-display":"","ast-hfb-above-header-display":"","ast-hfb-below-header-display":"","ast-hfb-mobile-header-display":"","site-post-title":"","ast-breadcrumbs-content":"","ast-featured-img":"","footer-sml-layout":"","ast-disable-related-posts":"","theme-transparent-header-meta":"","adv-header-id-meta":"","stick-header-meta":"","header-above-stick-meta":"","header-main-stick-meta":"","header-below-stick-meta":"","astra-migrate-meta-layouts":"default","ast-page-background-enabled":"default","ast-page-background-meta":{"desktop":{"background-color":"var(--ast-global-color-5)","background-image":"","background-repeat":"repeat","background-position":"center center","background-size":"auto","background-attachment":"scroll","background-type":"","background-media":"","overlay-type":"","overlay-color":"","overlay-opacity":"","overlay-gradient":""},"tablet":{"background-color":"","background-image":"","background-repeat":"repeat","background-position":"center center","background-size":"auto","background-attachment":"scroll","background-type":"","background-media":"","overlay-type":"","overlay-color":"","overlay-opacity":"","overlay-gradient":""},"mobile":{"background-color":"","background-image":"","background-repeat":"repeat","background-position":"center center","background-size":"auto","background-attachment":"scroll","background-type":"","background-media":"","overlay-type":"","overlay-color":"","overlay-opacity":"","overlay-gradient":""}},"ast-content-background-meta":{"desktop":{"background-color":"var(--ast-global-color-4)","background-image":"","background-repeat":"repeat","background-position":"center center","background-size":"auto","background-attachment":"scroll","background-type":"","background-media":"","overlay-type":"","overlay-color":"","overlay-opacity":"","overlay-gradient":""},"tablet":{"background-color":"var(--ast-global-color-4)","background-image":"","background-repeat":"repeat","background-position":"center center","background-size":"auto","background-attachment":"scroll","background-type":"","background-media":"","overlay-type":"","overlay-color":"","overlay-opacity":"","overlay-gradient":""},"mobile":{"background-color":"var(--ast-global-color-4)","background-image":"","background-repeat":"repeat","background-position":"center center","background-size":"auto","background-attachment":"scroll","background-type":"","background-media":"","overlay-type":"","overlay-color":"","overlay-opacity":"","overlay-gradient":""}},"footnotes":""},"class_list":["post-11","page","type-page","status-publish","hentry"],"_links":{"self":[{"href":"https:\/\/www.bauchvital.de\/staging-website\/wp-json\/wp\/v2\/pages\/11","targetHints":{"allow":["GET"]}}],"collection":[{"href":"https:\/\/www.bauchvital.de\/staging-website\/wp-json\/wp\/v2\/pages"}],"about":[{"href":"https:\/\/www.bauchvital.de\/staging-website\/wp-json\/wp\/v2\/types\/page"}],"author":[{"embeddable":true,"href":"https:\/\/www.bauchvital.de\/staging-website\/wp-json\/wp\/v2\/users\/2"}],"replies":[{"embeddable":true,"href":"https:\/\/www.bauchvital.de\/staging-website\/wp-json\/wp\/v2\/comments?post=11"}],"version-history":[{"count":6,"href":"https:\/\/www.bauchvital.de\/staging-website\/wp-json\/wp\/v2\/pages\/11\/revisions"}],"predecessor-version":[{"id":15672,"href":"https:\/\/www.bauchvital.de\/staging-website\/wp-json\/wp\/v2\/pages\/11\/revisions\/15672"}],"wp:attachment":[{"href":"https:\/\/www.bauchvital.de\/staging-website\/wp-json\/wp\/v2\/media?parent=11"}],"curies":[{"name":"wp","href":"https:\/\/api.w.org\/{rel}","templated":true}]}}