{"id":13,"date":"2019-01-17T16:09:45","date_gmt":"2019-01-17T15:09:45","guid":{"rendered":"http:\/\/bv.entwurfsansicht.de\/?page_id=13"},"modified":"2026-02-26T10:08:51","modified_gmt":"2026-02-26T09:08:51","slug":"broschuere-endverbraucher","status":"publish","type":"page","link":"https:\/\/www.bauchvital.de\/staging-website\/broschuere-endverbraucher\/","title":{"rendered":"Brosch\u00fcre Endverbraucher"},"content":{"rendered":"\t\t<div data-elementor-type=\"wp-page\" data-elementor-id=\"13\" class=\"elementor elementor-13\">\n\t\t\t\t<div class=\"elementor-element elementor-element-1f4832ec banner e-flex e-con-boxed e-con e-parent\" data-id=\"1f4832ec\" data-element_type=\"container\" data-e-type=\"container\" data-settings=\"{&quot;background_background&quot;:&quot;classic&quot;}\">\n\t\t\t\t\t<div class=\"e-con-inner\">\n\t\t<div class=\"elementor-element elementor-element-55c2d2aa e-con-full e-flex e-con e-child\" data-id=\"55c2d2aa\" data-element_type=\"container\" data-e-type=\"container\" data-settings=\"{&quot;background_background&quot;:&quot;classic&quot;}\">\n\t\t\t\t<div class=\"elementor-element elementor-element-4fe32c9a elementor-widget elementor-widget-heading\" data-id=\"4fe32c9a\" data-element_type=\"widget\" data-e-type=\"widget\" data-widget_type=\"heading.default\">\n\t\t\t\t\t<h1 class=\"elementor-heading-title elementor-size-default\">Patientenbrosch\u00fcre anfordern<\/h1>\t\t\t\t<\/div>\n\t\t\t\t<div class=\"elementor-element elementor-element-6fddbce5 elementor-widget elementor-widget-heading\" data-id=\"6fddbce5\" data-element_type=\"widget\" data-e-type=\"widget\" data-widget_type=\"heading.default\">\n\t\t\t\t\t<h4 class=\"elementor-heading-title elementor-size-default\">Kostenlos und unverbindlich<\/h4>\t\t\t\t<\/div>\n\t\t\t\t<div class=\"elementor-element elementor-element-3e637f2 elementor-widget elementor-widget-button\" data-id=\"3e637f2\" data-element_type=\"widget\" data-e-type=\"widget\" data-widget_type=\"button.default\">\n\t\t\t\t\t\t\t\t\t\t<a class=\"elementor-button elementor-button-link elementor-size-sm\" href=\"#form\">\n\t\t\t\t\t\t<span class=\"elementor-button-content-wrapper\">\n\t\t\t\t\t\t\t\t\t<span class=\"elementor-button-text\">Direkt bestellen<\/span>\n\t\t\t\t\t<\/span>\n\t\t\t\t\t<\/a>\n\t\t\t\t\t\t\t\t<\/div>\n\t\t\t\t<\/div>\n\t\t\t\t\t<\/div>\n\t\t\t\t<\/div>\n\t\t<div class=\"elementor-element elementor-element-84e8bff e-flex e-con-boxed e-con e-parent\" data-id=\"84e8bff\" data-element_type=\"container\" data-e-type=\"container\">\n\t\t\t\t\t<div class=\"e-con-inner\">\n\t\t<div class=\"elementor-element elementor-element-63a0f77 e-con-full e-flex e-con e-child\" data-id=\"63a0f77\" data-element_type=\"container\" data-e-type=\"container\">\n\t\t<div class=\"elementor-element elementor-element-c445d1c e-grid e-con-full e-con e-child\" data-id=\"c445d1c\" data-element_type=\"container\" data-e-type=\"container\">\n\t\t\t\t<div class=\"elementor-element elementor-element-f8a2561 elementor-widget elementor-widget-image\" data-id=\"f8a2561\" data-element_type=\"widget\" data-e-type=\"widget\" data-widget_type=\"image.default\">\n\t\t\t\t\t\t\t\t\t\t\t\t\t\t\t<img fetchpriority=\"high\" decoding=\"async\" width=\"768\" height=\"890\" src=\"https:\/\/www.bauchvital.de\/staging-website\/wp-content\/uploads\/bifold-bochure-e1764921495266_bearbeitet2-768x890.png\" class=\"attachment-medium_large size-medium_large wp-image-17853\" alt=\"\" srcset=\"https:\/\/www.bauchvital.de\/staging-website\/wp-content\/uploads\/bifold-bochure-e1764921495266_bearbeitet2-768x890.png 768w, https:\/\/www.bauchvital.de\/staging-website\/wp-content\/uploads\/bifold-bochure-e1764921495266_bearbeitet2-259x300.png 259w, https:\/\/www.bauchvital.de\/staging-website\/wp-content\/uploads\/bifold-bochure-e1764921495266_bearbeitet2-600x695.png 600w, https:\/\/www.bauchvital.de\/staging-website\/wp-content\/uploads\/bifold-bochure-e1764921495266_bearbeitet2.png 792w\" sizes=\"(max-width: 768px) 100vw, 768px\" \/>\t\t\t\t\t\t\t\t\t\t\t\t\t\t\t<\/div>\n\t\t<div class=\"elementor-element elementor-element-2e42a83 e-con-full e-flex e-con e-child\" data-id=\"2e42a83\" data-element_type=\"container\" data-e-type=\"container\">\n\t\t\t\t<div class=\"elementor-element elementor-element-ab5eb8d elementor-widget elementor-widget-text-editor\" data-id=\"ab5eb8d\" data-element_type=\"widget\" data-e-type=\"widget\" data-widget_type=\"text-editor.default\">\n\t\t\t\t\t\t\t\t\t<p>Wer unter Nahrungsmittel-Intoleranz oder funktionellen Magen-Darm-Beschwerden leidet, der muss sich sehr umfassend mit dieser Problematik auseinandersetzen. Mit unserer Patientenbrosch\u00fcre erhalten Sie die wichtigsten Informationen zu Nahrungsmittel-Intoleranz, Reizdarmsyndrom, chronisch entz\u00fcndlicher Darmerkrankungen, mikrobielle Darmbesiedelung, St\u00e4rkung des Immunsystems sowie zur richtigen Einnahme von Antibiotika auf einen Blick.<\/p>\t\t\t\t\t\t\t\t<\/div>\n\t\t\t\t<div class=\"elementor-element elementor-element-8085086 elementor-widget elementor-widget-heading\" data-id=\"8085086\" data-element_type=\"widget\" data-e-type=\"widget\" data-widget_type=\"heading.default\">\n\t\t\t\t\t<h3 class=\"elementor-heading-title elementor-size-default\">Themen (Indikationen):<\/h3>\t\t\t\t<\/div>\n\t\t\t\t<div class=\"elementor-element elementor-element-f2d6d89 elementor-widget elementor-widget-text-editor\" data-id=\"f2d6d89\" data-element_type=\"widget\" data-e-type=\"widget\" data-widget_type=\"text-editor.default\">\n\t\t\t\t\t\t\t\t\t<ul><li><span style=\"font-size: 110%;\">Fructoseintoleranz<\/span><\/li><li><span style=\"font-size: 110%;\">Histaminintoleranz<\/span><\/li><li><span style=\"font-size: 110%;\">Gluten-\/ATI-Sensitivit\u00e4t<\/span><\/li><li><span style=\"font-size: 110%;\">Laktoseintoleranz<\/span><\/li><li><span style=\"font-size: 110%;\">Reizdarmsyndrom<\/span><\/li><li><span style=\"font-size: 110%;\">Morbus Crohn \/ Colitis ulcerosa<\/span><\/li><li><span style=\"font-size: 110%;\">Mikrobielle Darmbesiedelung<\/span><\/li><li><span style=\"font-size: 110%;\">Antibiotika richtig einnehmen<\/span><\/li><li><span style=\"font-size: 110%;\">Immunsystem und Abwehrkr\u00e4fte<\/span><\/li><\/ul>\t\t\t\t\t\t\t\t<\/div>\n\t\t\t\t<\/div>\n\t\t\t\t<\/div>\n\t\t\t\t<\/div>\n\t\t\t\t\t<\/div>\n\t\t\t\t<\/div>\n\t\t<div class=\"elementor-element elementor-element-bbf8792 e-flex e-con-boxed e-con e-parent\" data-id=\"bbf8792\" data-element_type=\"container\" data-e-type=\"container\" data-settings=\"{&quot;background_background&quot;:&quot;classic&quot;}\">\n\t\t\t\t\t<div class=\"e-con-inner\">\n\t\t<div class=\"elementor-element elementor-element-af8440c e-con-full e-flex e-con e-child\" data-id=\"af8440c\" data-element_type=\"container\" data-e-type=\"container\">\n\t\t\t\t<div class=\"elementor-element elementor-element-1d5a01b elementor-widget elementor-widget-heading\" data-id=\"1d5a01b\" data-element_type=\"widget\" data-e-type=\"widget\" data-widget_type=\"heading.default\">\n\t\t\t\t\t<h3 class=\"elementor-heading-title elementor-size-default\">Gesund essen \u2013 unbeschwert leben<\/h3>\t\t\t\t<\/div>\n\t\t\t\t<\/div>\n\t\t\t\t<div class=\"elementor-element elementor-element-3ce8d48 elementor-widget elementor-widget-text-editor\" data-id=\"3ce8d48\" data-element_type=\"widget\" data-e-type=\"widget\" data-widget_type=\"text-editor.default\">\n\t\t\t\t\t\t\t\t\t<p>Bitte fordern Sie hier <strong>kostenlos und unverbindlich<\/strong> unsere beliebte Patientenbrosch\u00fcre <strong>\u00abGesund essen &#8211; unbeschwert leben\u00bb<\/strong> per Onlinebestellung an. Sie erhalten die Brosch\u00fcre in K\u00fcrze per Post. Einfach Adressdaten eingeben, absenden \u2013 fertig!<\/p><p>Um die Brosch\u00fcre in der PDF-Vorschau zu sehen, geben Sie bitte ebenfalls zun\u00e4chst Ihre Adressdaten ein.<\/p><p>Haben Sie <strong>Freunde<\/strong>, <strong>Verwandte<\/strong> oder <strong>Kollegen<\/strong>, f\u00fcr die unsere Brosch\u00fcre ebenfalls relevant sein k\u00f6nnte? Dann bestellen Sie einfach mehrere davon, indem Sie einen kurzen Hinweis und die gew\u00fcnschte Anzahl in das unterste Feld eintragen.<\/p><p>Falls Sie als Arzt\/\u00c4rztin, Di\u00e4tassistent(in) oder Ern\u00e4hrungsberater(in) mehrere Brosch\u00fcren f\u00fcr Ihre Sprechstunde bestellen m\u00f6chten,\u00a0<a href=\"https:\/\/www.bauchvital.de\/staging-website\/broschuere-fachkreise\/\">dann klicken Sie bitte hier<\/a>.<\/p>\t\t\t\t\t\t\t\t<\/div>\n\t\t\t\t\t<\/div>\n\t\t\t\t<\/div>\n\t\t<div class=\"elementor-element elementor-element-2efa9cb0 e-flex e-con-boxed e-con e-parent\" data-id=\"2efa9cb0\" data-element_type=\"container\" data-e-type=\"container\" id=\"form\">\n\t\t\t\t\t<div class=\"e-con-inner\">\n\t\t\t\t<div class=\"elementor-element elementor-element-54526c8 elementor-widget elementor-widget-heading\" data-id=\"54526c8\" data-element_type=\"widget\" data-e-type=\"widget\" data-widget_type=\"heading.default\">\n\t\t\t\t\t<h3 class=\"elementor-heading-title elementor-size-default\">Bestellformular<\/h3>\t\t\t\t<\/div>\n\t\t\t\t<div class=\"elementor-element elementor-element-08c6c99 elementor-widget elementor-widget-text-editor\" data-id=\"08c6c99\" data-element_type=\"widget\" data-e-type=\"widget\" data-widget_type=\"text-editor.default\">\n\t\t\t\t\t\t\t\t\t<p>Bitte senden Sie mir kostenlos und unverbindlich die Patientenbrosch\u00fcren <strong>\u00abGesund essen \u2013 unbeschwert leben\u00bb<\/strong>\u00a0an folgende Anschrift:<\/p>\t\t\t\t\t\t\t\t<\/div>\n\t\t<div class=\"elementor-element elementor-element-a6c8b1f e-con-full e-flex e-con e-child\" data-id=\"a6c8b1f\" data-element_type=\"container\" data-e-type=\"container\" data-settings=\"{&quot;background_background&quot;:&quot;classic&quot;}\">\n\t\t\t\t<div class=\"elementor-element elementor-element-61be81b elementor-widget elementor-widget-text-editor\" data-id=\"61be81b\" data-element_type=\"widget\" data-e-type=\"widget\" data-widget_type=\"text-editor.default\">\n\t\t\t\t\t\t\t\t\t<p>\n<div class=\"wpcf7 no-js\" id=\"wpcf7-f454-o1\" lang=\"de-DE\" dir=\"ltr\" data-wpcf7-id=\"454\">\n<div class=\"screen-reader-response\"><p role=\"status\" aria-live=\"polite\" aria-atomic=\"true\"><\/p> <ul><\/ul><\/div>\n<form action=\"\/staging-website\/wp-json\/wp\/v2\/pages\/13#wpcf7-f454-o1\" method=\"post\" class=\"wpcf7-form init\" aria-label=\"Kontaktformular\" novalidate=\"novalidate\" data-status=\"init\">\n<fieldset class=\"hidden-fields-container\"><input type=\"hidden\" name=\"_wpcf7\" value=\"454\" \/><input type=\"hidden\" name=\"_wpcf7_version\" value=\"6.1.5\" \/><input type=\"hidden\" name=\"_wpcf7_locale\" value=\"de_DE\" \/><input type=\"hidden\" name=\"_wpcf7_unit_tag\" value=\"wpcf7-f454-o1\" \/><input type=\"hidden\" name=\"_wpcf7_container_post\" value=\"0\" \/><input type=\"hidden\" name=\"_wpcf7_posted_data_hash\" value=\"\" \/>\n<\/fieldset>\n<p><span class=\"wpcf7-form-control-wrap\" data-name=\"anrede\"><select class=\"wpcf7-form-control wpcf7-select wpcf7-validates-as-required\" aria-required=\"true\" aria-invalid=\"false\" name=\"anrede\"><option value=\"Herr\">Herr<\/option><option value=\"Frau\">Frau<\/option><\/select><\/span>\n<\/p>\n<p><label><span class=\"wpcf7-form-control-wrap\" data-name=\"vorname\"><input size=\"40\" maxlength=\"400\" class=\"wpcf7-form-control wpcf7-text wpcf7-validates-as-required\" aria-required=\"true\" aria-invalid=\"false\" placeholder=\"Vorname*\" value=\"\" type=\"text\" name=\"vorname\" \/><\/span> <\/label>\n<\/p>\n<p><label><span class=\"wpcf7-form-control-wrap\" data-name=\"full-name\"><input size=\"40\" maxlength=\"400\" class=\"wpcf7-form-control wpcf7-text wpcf7-validates-as-required\" aria-required=\"true\" aria-invalid=\"false\" placeholder=\"Nachname*\" value=\"\" type=\"text\" name=\"full-name\" \/><\/span> <\/label>\n<\/p>\n<p><label><span class=\"wpcf7-form-control-wrap\" data-name=\"strasse\"><input size=\"40\" maxlength=\"400\" class=\"wpcf7-form-control wpcf7-text wpcf7-validates-as-required\" aria-required=\"true\" aria-invalid=\"false\" placeholder=\"Stra\u00dfe*\" value=\"\" type=\"text\" name=\"strasse\" \/><\/span> <\/label>\n<\/p>\n<p><label><span class=\"wpcf7-form-control-wrap\" data-name=\"hausnummer\"><input size=\"40\" maxlength=\"400\" class=\"wpcf7-form-control wpcf7-text wpcf7-validates-as-required\" aria-required=\"true\" aria-invalid=\"false\" placeholder=\"Hausnummer*\" value=\"\" type=\"text\" name=\"hausnummer\" \/><\/span> <\/label>\n<\/p>\n<p><label><span class=\"wpcf7-form-control-wrap\" data-name=\"plz\"><input size=\"40\" maxlength=\"400\" class=\"wpcf7-form-control wpcf7-text wpcf7-validates-as-required\" aria-required=\"true\" aria-invalid=\"false\" placeholder=\"Postleitzahl*\" value=\"\" type=\"text\" name=\"plz\" \/><\/span> <\/label>\n<\/p>\n<p><label><span class=\"wpcf7-form-control-wrap\" data-name=\"ort\"><input size=\"40\" maxlength=\"400\" class=\"wpcf7-form-control wpcf7-text wpcf7-validates-as-required\" aria-required=\"true\" aria-invalid=\"false\" placeholder=\"Ort*\" value=\"\" type=\"text\" name=\"ort\" \/><\/span> <\/label>\n<\/p>\n<p><label><span class=\"wpcf7-form-control-wrap\" data-name=\"land\"><input size=\"40\" maxlength=\"400\" class=\"wpcf7-form-control wpcf7-text\" aria-invalid=\"false\" placeholder=\"Land\" value=\"\" type=\"text\" name=\"land\" \/><\/span> <\/label>\n<\/p>\n<p><label><span class=\"wpcf7-form-control-wrap\" data-name=\"email\"><input size=\"40\" maxlength=\"400\" class=\"wpcf7-form-control wpcf7-email wpcf7-validates-as-required wpcf7-text wpcf7-validates-as-email\" aria-required=\"true\" aria-invalid=\"false\" placeholder=\"E-Mail-Adresse*\" value=\"\" type=\"email\" name=\"email\" \/><\/span> <\/label>\n<\/p>\n<p><label><span class=\"wpcf7-form-control-wrap\" data-name=\"textarea-770\"><textarea cols=\"40\" rows=\"10\" maxlength=\"2000\" class=\"wpcf7-form-control wpcf7-textarea\" aria-invalid=\"false\" placeholder=\"M\u00f6chten Sie uns noch etwas mitteilen?\" name=\"textarea-770\"><\/textarea><\/span><\/label>\n<\/p>\n<p class=\"privacy\">Felder mit einem * m\u00fcssen ausgef\u00fcllt werden.<br \/>\n<label><span class=\"wpcf7-form-control-wrap\" data-name=\"checkbox-308\"><span class=\"wpcf7-form-control wpcf7-checkbox wpcf7-validates-as-required\"><span class=\"wpcf7-list-item first last\"><input type=\"checkbox\" name=\"checkbox-308[]\" value=\"Ich habe die Datenschutzbestimmungen zur Kenntnis genommen.\" \/><span class=\"wpcf7-list-item-label\">Ich habe die Datenschutzbestimmungen zur Kenntnis genommen.<\/span><\/span><\/span><\/span><a href=\"\/datenschutzerklaerung\/\" title=\"zur Datenschutzerkl\u00e4rung\">Zur Datenschutzerkl\u00e4rung<\/a><\/label>\n<\/p>\n<p><input class=\"wpcf7-form-control wpcf7-submit has-spinner\" type=\"submit\" value=\"Bestellung Absenden\" \/>\n<\/p><div class=\"wpcf7-response-output\" aria-hidden=\"true\"><\/div>\n<\/form>\n<\/div>\n<\/p>\t\t\t\t\t\t\t\t<\/div>\n\t\t\t\t<\/div>\n\t\t\t\t<div class=\"elementor-element elementor-element-5eea9579 elementor-widget elementor-widget-text-editor\" data-id=\"5eea9579\" data-element_type=\"widget\" data-e-type=\"widget\" data-widget_type=\"text-editor.default\">\n\t\t\t\t\t\t\t\t\t<p>Sie k\u00f6nnen sich alternativ auch wie folgt mit uns in Verbindung setzen:<\/p><h5>Laktonova GmbH<\/h5><p><strong>Telefon:<\/strong> 030 \/ 275 89 363<br \/><strong>Fax:<\/strong> 04405 \/ 181 9999<br \/><strong>E-Mail:<\/strong>\u00a0kontakt (at) laktonova.de<\/p>\t\t\t\t\t\t\t\t<\/div>\n\t\t\t\t\t<\/div>\n\t\t\t\t<\/div>\n\t\t\t\t<\/div>\n\t\t","protected":false},"excerpt":{"rendered":"<p>Patientenbrosch\u00fcre anfordern Kostenlos und unverbindlich Direkt bestellen Wer unter Nahrungsmittel-Intoleranz oder funktionellen Magen-Darm-Beschwerden leidet, der muss sich sehr umfassend mit dieser Problematik auseinandersetzen. Mit unserer Patientenbrosch\u00fcre erhalten Sie die wichtigsten Informationen zu Nahrungsmittel-Intoleranz, Reizdarmsyndrom, chronisch entz\u00fcndlicher Darmerkrankungen, mikrobielle Darmbesiedelung, St\u00e4rkung des Immunsystems sowie zur richtigen Einnahme von Antibiotika auf einen Blick. Themen (Indikationen): Fructoseintoleranz Histaminintoleranz [&hellip;]<\/p>\n","protected":false},"author":2,"featured_media":0,"parent":0,"menu_order":11,"comment_status":"closed","ping_status":"closed","template":"elementor_header_footer","meta":{"site-sidebar-layout":"default","site-content-layout":"","ast-site-content-layout":"default","site-content-style":"default","site-sidebar-style":"default","ast-global-header-display":"","ast-banner-title-visibility":"","ast-main-header-display":"","ast-hfb-above-header-display":"","ast-hfb-below-header-display":"","ast-hfb-mobile-header-display":"","site-post-title":"","ast-breadcrumbs-content":"","ast-featured-img":"","footer-sml-layout":"","ast-disable-related-posts":"","theme-transparent-header-meta":"","adv-header-id-meta":"","stick-header-meta":"","header-above-stick-meta":"","header-main-stick-meta":"","header-below-stick-meta":"","astra-migrate-meta-layouts":"default","ast-page-background-enabled":"default","ast-page-background-meta":{"desktop":{"background-color":"var(--ast-global-color-5)","background-image":"","background-repeat":"repeat","background-position":"center center","background-size":"auto","background-attachment":"scroll","background-type":"","background-media":"","overlay-type":"","overlay-color":"","overlay-opacity":"","overlay-gradient":""},"tablet":{"background-color":"","background-image":"","background-repeat":"repeat","background-position":"center center","background-size":"auto","background-attachment":"scroll","background-type":"","background-media":"","overlay-type":"","overlay-color":"","overlay-opacity":"","overlay-gradient":""},"mobile":{"background-color":"","background-image":"","background-repeat":"repeat","background-position":"center center","background-size":"auto","background-attachment":"scroll","background-type":"","background-media":"","overlay-type":"","overlay-color":"","overlay-opacity":"","overlay-gradient":""}},"ast-content-background-meta":{"desktop":{"background-color":"var(--ast-global-color-4)","background-image":"","background-repeat":"repeat","background-position":"center center","background-size":"auto","background-attachment":"scroll","background-type":"","background-media":"","overlay-type":"","overlay-color":"","overlay-opacity":"","overlay-gradient":""},"tablet":{"background-color":"var(--ast-global-color-4)","background-image":"","background-repeat":"repeat","background-position":"center center","background-size":"auto","background-attachment":"scroll","background-type":"","background-media":"","overlay-type":"","overlay-color":"","overlay-opacity":"","overlay-gradient":""},"mobile":{"background-color":"var(--ast-global-color-4)","background-image":"","background-repeat":"repeat","background-position":"center center","background-size":"auto","background-attachment":"scroll","background-type":"","background-media":"","overlay-type":"","overlay-color":"","overlay-opacity":"","overlay-gradient":""}},"footnotes":""},"class_list":["post-13","page","type-page","status-publish","hentry"],"_links":{"self":[{"href":"https:\/\/www.bauchvital.de\/staging-website\/wp-json\/wp\/v2\/pages\/13","targetHints":{"allow":["GET"]}}],"collection":[{"href":"https:\/\/www.bauchvital.de\/staging-website\/wp-json\/wp\/v2\/pages"}],"about":[{"href":"https:\/\/www.bauchvital.de\/staging-website\/wp-json\/wp\/v2\/types\/page"}],"author":[{"embeddable":true,"href":"https:\/\/www.bauchvital.de\/staging-website\/wp-json\/wp\/v2\/users\/2"}],"replies":[{"embeddable":true,"href":"https:\/\/www.bauchvital.de\/staging-website\/wp-json\/wp\/v2\/comments?post=13"}],"version-history":[{"count":6,"href":"https:\/\/www.bauchvital.de\/staging-website\/wp-json\/wp\/v2\/pages\/13\/revisions"}],"predecessor-version":[{"id":21128,"href":"https:\/\/www.bauchvital.de\/staging-website\/wp-json\/wp\/v2\/pages\/13\/revisions\/21128"}],"wp:attachment":[{"href":"https:\/\/www.bauchvital.de\/staging-website\/wp-json\/wp\/v2\/media?parent=13"}],"curies":[{"name":"wp","href":"https:\/\/api.w.org\/{rel}","templated":true}]}}