{"id":15,"date":"2019-01-17T16:09:56","date_gmt":"2019-01-17T15:09:56","guid":{"rendered":"http:\/\/bv.entwurfsansicht.de\/?page_id=15"},"modified":"2026-01-13T09:21:54","modified_gmt":"2026-01-13T08:21:54","slug":"broschuere-fachkreise","status":"publish","type":"page","link":"https:\/\/www.bauchvital.de\/staging-website\/broschuere-fachkreise\/","title":{"rendered":"Brosch\u00fcre Fachkreise"},"content":{"rendered":"\t\t<div data-elementor-type=\"wp-page\" data-elementor-id=\"15\" class=\"elementor elementor-15\">\n\t\t\t\t<div class=\"elementor-element elementor-element-2059ad1b banner e-flex e-con-boxed e-con e-parent\" data-id=\"2059ad1b\" data-element_type=\"container\" data-e-type=\"container\" data-settings=\"{&quot;background_background&quot;:&quot;classic&quot;}\">\n\t\t\t\t\t<div class=\"e-con-inner\">\n\t\t<div class=\"elementor-element elementor-element-4b16ae2c e-con-full e-flex e-con e-child\" data-id=\"4b16ae2c\" data-element_type=\"container\" data-e-type=\"container\" data-settings=\"{&quot;background_background&quot;:&quot;classic&quot;}\">\n\t\t\t\t<div class=\"elementor-element elementor-element-1c72bb2c elementor-widget elementor-widget-heading\" data-id=\"1c72bb2c\" data-element_type=\"widget\" data-e-type=\"widget\" data-widget_type=\"heading.default\">\n\t\t\t\t\t<h1 class=\"elementor-heading-title elementor-size-default\">Patientenbrosch\u00fcren anfordern<\/h1>\t\t\t\t<\/div>\n\t\t\t\t<div class=\"elementor-element elementor-element-34eaebcf elementor-widget elementor-widget-heading\" data-id=\"34eaebcf\" data-element_type=\"widget\" data-e-type=\"widget\" data-widget_type=\"heading.default\">\n\t\t\t\t\t<h4 class=\"elementor-heading-title elementor-size-default\">Kostenlos und unverbindlich<\/h4>\t\t\t\t<\/div>\n\t\t\t\t<\/div>\n\t\t\t\t\t<\/div>\n\t\t\t\t<\/div>\n\t\t<div class=\"elementor-element elementor-element-c964e22 e-flex e-con-boxed e-con e-parent\" data-id=\"c964e22\" data-element_type=\"container\" data-e-type=\"container\">\n\t\t\t\t\t<div class=\"e-con-inner\">\n\t\t\t\t<div class=\"elementor-element elementor-element-301870c elementor-widget elementor-widget-text-editor\" data-id=\"301870c\" data-element_type=\"widget\" data-e-type=\"widget\" data-widget_type=\"text-editor.default\">\n\t\t\t\t\t\t\t\t\t<p>Sie sind <strong>Di\u00e4tassistent(in)<\/strong>, <strong>Ern\u00e4hrungsberater(in)<\/strong>, <strong>Arzt<\/strong> oder <strong>\u00c4rztin<\/strong>, <strong>Heilpraktiker(in)<\/strong> oder leiten eine <strong>Selbsthilfegruppe<\/strong>? Dann fordern Sie hier bitte kostenlos und unverbindlich unsere Patientenbrosch\u00fcre zur Weitergabe an Ihre Patienten an.<\/p><p>Falls Sie als Endverbraucher diese Brosch\u00fcren bestellen m\u00f6chten, dann klicken Sie bitte <a href=\"https:\/\/www.bauchvital.de\/broschuere-endverbraucher\/\">hier<\/a>.<\/p>\t\t\t\t\t\t\t\t<\/div>\n\t\t\t\t\t<\/div>\n\t\t\t\t<\/div>\n\t\t<div class=\"elementor-element elementor-element-addfea0 e-flex e-con-boxed e-con e-parent\" data-id=\"addfea0\" data-element_type=\"container\" data-e-type=\"container\" data-settings=\"{&quot;background_background&quot;:&quot;classic&quot;}\">\n\t\t\t\t\t<div class=\"e-con-inner\">\n\t\t<div class=\"elementor-element elementor-element-49346cb e-con-full e-flex e-con e-child\" data-id=\"49346cb\" data-element_type=\"container\" data-e-type=\"container\">\n\t\t<div class=\"elementor-element elementor-element-452b879 e-grid e-con-full e-con e-child\" data-id=\"452b879\" data-element_type=\"container\" data-e-type=\"container\">\n\t\t\t\t<div class=\"elementor-element elementor-element-ca9af84 elementor-widget elementor-widget-image\" data-id=\"ca9af84\" data-element_type=\"widget\" data-e-type=\"widget\" data-widget_type=\"image.default\">\n\t\t\t\t\t\t\t\t\t\t\t\t\t\t\t<img fetchpriority=\"high\" decoding=\"async\" width=\"792\" height=\"918\" src=\"https:\/\/www.bauchvital.de\/staging-website\/wp-content\/uploads\/bifold-bochure-e1764921495266_bearbeitet2.png\" class=\"attachment-large size-large wp-image-17853\" alt=\"\" srcset=\"https:\/\/www.bauchvital.de\/staging-website\/wp-content\/uploads\/bifold-bochure-e1764921495266_bearbeitet2.png 792w, https:\/\/www.bauchvital.de\/staging-website\/wp-content\/uploads\/bifold-bochure-e1764921495266_bearbeitet2-259x300.png 259w, https:\/\/www.bauchvital.de\/staging-website\/wp-content\/uploads\/bifold-bochure-e1764921495266_bearbeitet2-768x890.png 768w, https:\/\/www.bauchvital.de\/staging-website\/wp-content\/uploads\/bifold-bochure-e1764921495266_bearbeitet2-600x695.png 600w\" sizes=\"(max-width: 792px) 100vw, 792px\" \/>\t\t\t\t\t\t\t\t\t\t\t\t\t\t\t<\/div>\n\t\t<div class=\"elementor-element elementor-element-6e021b1 e-con-full e-flex e-con e-child\" data-id=\"6e021b1\" data-element_type=\"container\" data-e-type=\"container\">\n\t\t\t\t<div class=\"elementor-element elementor-element-c38ef7e elementor-widget elementor-widget-heading\" data-id=\"c38ef7e\" data-element_type=\"widget\" data-e-type=\"widget\" data-widget_type=\"heading.default\">\n\t\t\t\t\t<h3 class=\"elementor-heading-title elementor-size-default\">Gesund essen \u2013 \nunbeschwert leben<\/h3>\t\t\t\t<\/div>\n\t\t\t\t<div class=\"elementor-element elementor-element-5df4aaa elementor-widget elementor-widget-text-editor\" data-id=\"5df4aaa\" data-element_type=\"widget\" data-e-type=\"widget\" data-widget_type=\"text-editor.default\">\n\t\t\t\t\t\t\t\t\t<p>Wer unter Nahrungsmittel-Intoleranz oder funktionellen Magen-Darm-Beschwerden leidet, der muss sich sehr umfassend mit dieser Problematik auseinandersetzen. Mit unserer Patientenbrosch\u00fcre erhalten Sie die wichtigsten Informationen zu Nahrungsmittel-Intoleranz, Reizdarmsyndrom, chronisch entz\u00fcndlicher Darmerkrankungen, mikrobielle Darmbesiedelung, St\u00e4rkung des Immunsystems sowie zur richtigen Einnahme von Antibiotika auf einen Blick.<\/p>\t\t\t\t\t\t\t\t<\/div>\n\t\t\t\t<div class=\"elementor-element elementor-element-d43c8fa elementor-widget elementor-widget-heading\" data-id=\"d43c8fa\" data-element_type=\"widget\" data-e-type=\"widget\" data-widget_type=\"heading.default\">\n\t\t\t\t\t<h3 class=\"elementor-heading-title elementor-size-default\">Themen (Indikationen):<\/h3>\t\t\t\t<\/div>\n\t\t\t\t<div class=\"elementor-element elementor-element-74129ed elementor-widget elementor-widget-text-editor\" data-id=\"74129ed\" data-element_type=\"widget\" data-e-type=\"widget\" data-widget_type=\"text-editor.default\">\n\t\t\t\t\t\t\t\t\t<ul><li>Fructoseintoleranz<\/li><li>Histaminintoleranz<\/li><li>Gluten-\/ATI-Sensitivit\u00e4t<\/li><li>Laktoseintoleranz<\/li><li>Reizdarmsyndrom<\/li><li>Morbus Crohn \/ Colitis ulcerosa<\/li><li>Mikrobielle Darmbesiedelung<\/li><li>Antibiotika richtig einnehmen<\/li><li>Neu: Immunsystem und Abwehrkr\u00e4fte<\/li><\/ul>\t\t\t\t\t\t\t\t<\/div>\n\t\t\t\t<\/div>\n\t\t\t\t<\/div>\n\t\t\t\t<\/div>\n\t\t\t\t\t<\/div>\n\t\t\t\t<\/div>\n\t\t<div class=\"elementor-element elementor-element-4afd099 e-flex e-con-boxed e-con e-parent\" data-id=\"4afd099\" data-element_type=\"container\" data-e-type=\"container\">\n\t\t\t\t\t<div class=\"e-con-inner\">\n\t\t\t\t<div class=\"elementor-element elementor-element-206c485 elementor-widget elementor-widget-heading\" data-id=\"206c485\" data-element_type=\"widget\" data-e-type=\"widget\" data-widget_type=\"heading.default\">\n\t\t\t\t\t<h3 class=\"elementor-heading-title elementor-size-default\">Bestellformular<\/h3>\t\t\t\t<\/div>\n\t\t\t\t<div class=\"elementor-element elementor-element-0d5b555 elementor-widget elementor-widget-text-editor\" data-id=\"0d5b555\" data-element_type=\"widget\" data-e-type=\"widget\" data-widget_type=\"text-editor.default\">\n\t\t\t\t\t\t\t\t\t<p>Bitte senden Sie mir kostenlos und unverbindlich die Patientenbrosch\u00fcren <strong>\u201eGesund essen \u2013 unbeschwert leben\u201c<\/strong> an folgende Anschrift:<\/p>\t\t\t\t\t\t\t\t<\/div>\n\t\t<div class=\"elementor-element elementor-element-75adecc e-con-full e-flex e-con e-child\" data-id=\"75adecc\" data-element_type=\"container\" data-e-type=\"container\" data-settings=\"{&quot;background_background&quot;:&quot;classic&quot;}\">\n\t\t\t\t<div class=\"elementor-element elementor-element-1df60d5 elementor-widget elementor-widget-text-editor\" data-id=\"1df60d5\" data-element_type=\"widget\" data-e-type=\"widget\" data-widget_type=\"text-editor.default\">\n\t\t\t\t\t\t\t\t\t<p>\n<div class=\"wpcf7 no-js\" id=\"wpcf7-f455-o1\" lang=\"de-DE\" dir=\"ltr\" data-wpcf7-id=\"455\">\n<div class=\"screen-reader-response\"><p role=\"status\" aria-live=\"polite\" aria-atomic=\"true\"><\/p> <ul><\/ul><\/div>\n<form action=\"\/staging-website\/wp-json\/wp\/v2\/pages\/15#wpcf7-f455-o1\" method=\"post\" class=\"wpcf7-form init\" aria-label=\"Kontaktformular\" novalidate=\"novalidate\" data-status=\"init\">\n<fieldset class=\"hidden-fields-container\"><input type=\"hidden\" name=\"_wpcf7\" value=\"455\" \/><input type=\"hidden\" name=\"_wpcf7_version\" value=\"6.1.5\" \/><input type=\"hidden\" name=\"_wpcf7_locale\" value=\"de_DE\" \/><input type=\"hidden\" name=\"_wpcf7_unit_tag\" value=\"wpcf7-f455-o1\" \/><input type=\"hidden\" name=\"_wpcf7_container_post\" value=\"0\" \/><input type=\"hidden\" name=\"_wpcf7_posted_data_hash\" value=\"\" \/>\n<\/fieldset>\n<p class=\"anzahl\"><br \/>\n<label>Anzahl Exemplare &#8222;Gesund essen &#8211; unbeschwert leben&#8220;<\/label><br \/>\n<span class=\"wpcf7-form-control-wrap\" data-name=\"number-741\"><input class=\"wpcf7-form-control wpcf7-number wpcf7-validates-as-number\" min=\"1\" aria-invalid=\"false\" value=\"20\" type=\"number\" name=\"number-741\" \/><\/span>\n<\/p>\n<p><span class=\"wpcf7-form-control-wrap\" data-name=\"anrede\"><select class=\"wpcf7-form-control wpcf7-select wpcf7-validates-as-required\" aria-required=\"true\" aria-invalid=\"false\" name=\"anrede\"><option value=\"Herr\">Herr<\/option><option value=\"Frau\">Frau<\/option><\/select><\/span><br \/>\n<span class=\"wpcf7-form-control-wrap\" data-name=\"vorname\"><input size=\"40\" maxlength=\"400\" class=\"wpcf7-form-control wpcf7-text wpcf7-validates-as-required\" aria-required=\"true\" aria-invalid=\"false\" placeholder=\"Vorname*\" value=\"\" type=\"text\" name=\"vorname\" \/><\/span><br \/>\n<span class=\"wpcf7-form-control-wrap\" data-name=\"full-name\"><input size=\"40\" maxlength=\"400\" class=\"wpcf7-form-control wpcf7-text wpcf7-validates-as-required\" aria-required=\"true\" aria-invalid=\"false\" placeholder=\"Nachname*\" value=\"\" type=\"text\" name=\"full-name\" \/><\/span><br \/>\n<span class=\"wpcf7-form-control-wrap\" data-name=\"berufsbezeichnung\"><input size=\"40\" maxlength=\"400\" class=\"wpcf7-form-control wpcf7-text wpcf7-validates-as-required\" aria-required=\"true\" aria-invalid=\"false\" placeholder=\"Berufsbezeichnung*\" value=\"\" type=\"text\" name=\"berufsbezeichnung\" \/><\/span><br \/>\n<span class=\"wpcf7-form-control-wrap\" data-name=\"arbeitsstelle\"><input size=\"40\" maxlength=\"400\" class=\"wpcf7-form-control wpcf7-text wpcf7-validates-as-required\" aria-required=\"true\" aria-invalid=\"false\" placeholder=\"Arbeitsstelle*\" value=\"\" type=\"text\" name=\"arbeitsstelle\" \/><\/span><br \/>\n<span class=\"wpcf7-form-control-wrap\" data-name=\"strasse\"><input size=\"40\" maxlength=\"400\" class=\"wpcf7-form-control wpcf7-text wpcf7-validates-as-required\" aria-required=\"true\" aria-invalid=\"false\" placeholder=\"Stra\u00dfe*\" value=\"\" type=\"text\" name=\"strasse\" \/><\/span><br \/>\n<span class=\"wpcf7-form-control-wrap\" data-name=\"hausnummer\"><input size=\"40\" maxlength=\"400\" class=\"wpcf7-form-control wpcf7-text wpcf7-validates-as-required\" aria-required=\"true\" aria-invalid=\"false\" placeholder=\"Hausnummer*\" value=\"\" type=\"text\" name=\"hausnummer\" \/><\/span><br \/>\n<span class=\"wpcf7-form-control-wrap\" data-name=\"plz\"><input size=\"40\" maxlength=\"400\" class=\"wpcf7-form-control wpcf7-text wpcf7-validates-as-required\" aria-required=\"true\" aria-invalid=\"false\" placeholder=\"Postleitzahl*\" value=\"\" type=\"text\" name=\"plz\" \/><\/span><br \/>\n<span class=\"wpcf7-form-control-wrap\" data-name=\"ort\"><input size=\"40\" maxlength=\"400\" class=\"wpcf7-form-control wpcf7-text wpcf7-validates-as-required\" aria-required=\"true\" aria-invalid=\"false\" placeholder=\"Ort*\" value=\"\" type=\"text\" name=\"ort\" \/><\/span><br \/>\n<span class=\"wpcf7-form-control-wrap\" data-name=\"land\"><input size=\"40\" maxlength=\"400\" class=\"wpcf7-form-control wpcf7-text\" aria-invalid=\"false\" placeholder=\"Land\" value=\"\" type=\"text\" name=\"land\" \/><\/span><br \/>\n<span class=\"wpcf7-form-control-wrap\" data-name=\"email\"><input size=\"40\" maxlength=\"400\" class=\"wpcf7-form-control wpcf7-email wpcf7-validates-as-required wpcf7-text wpcf7-validates-as-email\" aria-required=\"true\" aria-invalid=\"false\" placeholder=\"E-Mail-Adresse*\" value=\"\" type=\"email\" name=\"email\" \/><\/span>\n<\/p>\n<p class=\"privacy\">Felder mit einem * m\u00fcssen ausgef\u00fcllt werden.<label><span class=\"wpcf7-form-control-wrap\" data-name=\"checkbox-308\"><span class=\"wpcf7-form-control wpcf7-checkbox wpcf7-validates-as-required\"><span class=\"wpcf7-list-item first last\"><input type=\"checkbox\" name=\"checkbox-308[]\" value=\"Ich habe die Datenschutzbestimmungen zur Kenntnis genommen.\" \/><span class=\"wpcf7-list-item-label\">Ich habe die Datenschutzbestimmungen zur Kenntnis genommen.<\/span><\/span><\/span><\/span><a href=\"\/datenschutzerklaerung\/\" title=\"zur Datenschutzerkl\u00e4rung\">Zur Datenschutzerkl\u00e4rung<\/a><\/label>\n<\/p>\n<p><input class=\"wpcf7-form-control wpcf7-submit has-spinner\" type=\"submit\" value=\"Bestellung Absenden\" \/>\n<\/p><div class=\"wpcf7-response-output\" aria-hidden=\"true\"><\/div>\n<\/form>\n<\/div>\n<\/p>\t\t\t\t\t\t\t\t<\/div>\n\t\t\t\t<\/div>\n\t\t\t\t<div class=\"elementor-element elementor-element-5aa3620 elementor-widget elementor-widget-text-editor\" data-id=\"5aa3620\" data-element_type=\"widget\" data-e-type=\"widget\" data-widget_type=\"text-editor.default\">\n\t\t\t\t\t\t\t\t\t<p><strong>Sie k\u00f6nnen sich alternativ auch wie folgt mit uns in Verbindung setzen:<\/strong><\/p><h5>Laktonova GmbH<\/h5><p><strong>Telefon:<\/strong> 030 \/ 275 89 363<br \/><strong>Fax:<\/strong> 04405 \/ 181 9999<br \/><strong>E-Mail:<\/strong>\u00a0kontakt (at) laktonova.de<\/p>\t\t\t\t\t\t\t\t<\/div>\n\t\t\t\t\t<\/div>\n\t\t\t\t<\/div>\n\t\t\t\t<\/div>\n\t\t","protected":false},"excerpt":{"rendered":"<p>Patientenbrosch\u00fcren anfordern Kostenlos und unverbindlich Sie sind Di\u00e4tassistent(in), Ern\u00e4hrungsberater(in), Arzt oder \u00c4rztin, Heilpraktiker(in) oder leiten eine Selbsthilfegruppe? Dann fordern Sie hier bitte kostenlos und unverbindlich unsere Patientenbrosch\u00fcre zur Weitergabe an Ihre Patienten an. Falls Sie als Endverbraucher diese Brosch\u00fcren bestellen m\u00f6chten, dann klicken Sie bitte hier. Gesund essen \u2013 unbeschwert leben Wer unter Nahrungsmittel-Intoleranz oder [&hellip;]<\/p>\n","protected":false},"author":2,"featured_media":0,"parent":0,"menu_order":12,"comment_status":"closed","ping_status":"closed","template":"elementor_header_footer","meta":{"site-sidebar-layout":"default","site-content-layout":"","ast-site-content-layout":"default","site-content-style":"default","site-sidebar-style":"default","ast-global-header-display":"","ast-banner-title-visibility":"","ast-main-header-display":"","ast-hfb-above-header-display":"","ast-hfb-below-header-display":"","ast-hfb-mobile-header-display":"","site-post-title":"","ast-breadcrumbs-content":"","ast-featured-img":"","footer-sml-layout":"","ast-disable-related-posts":"","theme-transparent-header-meta":"","adv-header-id-meta":"","stick-header-meta":"","header-above-stick-meta":"","header-main-stick-meta":"","header-below-stick-meta":"","astra-migrate-meta-layouts":"default","ast-page-background-enabled":"default","ast-page-background-meta":{"desktop":{"background-color":"var(--ast-global-color-5)","background-image":"","background-repeat":"repeat","background-position":"center center","background-size":"auto","background-attachment":"scroll","background-type":"","background-media":"","overlay-type":"","overlay-color":"","overlay-opacity":"","overlay-gradient":""},"tablet":{"background-color":"","background-image":"","background-repeat":"repeat","background-position":"center center","background-size":"auto","background-attachment":"scroll","background-type":"","background-media":"","overlay-type":"","overlay-color":"","overlay-opacity":"","overlay-gradient":""},"mobile":{"background-color":"","background-image":"","background-repeat":"repeat","background-position":"center center","background-size":"auto","background-attachment":"scroll","background-type":"","background-media":"","overlay-type":"","overlay-color":"","overlay-opacity":"","overlay-gradient":""}},"ast-content-background-meta":{"desktop":{"background-color":"var(--ast-global-color-4)","background-image":"","background-repeat":"repeat","background-position":"center center","background-size":"auto","background-attachment":"scroll","background-type":"","background-media":"","overlay-type":"","overlay-color":"","overlay-opacity":"","overlay-gradient":""},"tablet":{"background-color":"var(--ast-global-color-4)","background-image":"","background-repeat":"repeat","background-position":"center center","background-size":"auto","background-attachment":"scroll","background-type":"","background-media":"","overlay-type":"","overlay-color":"","overlay-opacity":"","overlay-gradient":""},"mobile":{"background-color":"var(--ast-global-color-4)","background-image":"","background-repeat":"repeat","background-position":"center center","background-size":"auto","background-attachment":"scroll","background-type":"","background-media":"","overlay-type":"","overlay-color":"","overlay-opacity":"","overlay-gradient":""}},"footnotes":""},"class_list":["post-15","page","type-page","status-publish","hentry"],"_links":{"self":[{"href":"https:\/\/www.bauchvital.de\/staging-website\/wp-json\/wp\/v2\/pages\/15","targetHints":{"allow":["GET"]}}],"collection":[{"href":"https:\/\/www.bauchvital.de\/staging-website\/wp-json\/wp\/v2\/pages"}],"about":[{"href":"https:\/\/www.bauchvital.de\/staging-website\/wp-json\/wp\/v2\/types\/page"}],"author":[{"embeddable":true,"href":"https:\/\/www.bauchvital.de\/staging-website\/wp-json\/wp\/v2\/users\/2"}],"replies":[{"embeddable":true,"href":"https:\/\/www.bauchvital.de\/staging-website\/wp-json\/wp\/v2\/comments?post=15"}],"version-history":[{"count":6,"href":"https:\/\/www.bauchvital.de\/staging-website\/wp-json\/wp\/v2\/pages\/15\/revisions"}],"predecessor-version":[{"id":18256,"href":"https:\/\/www.bauchvital.de\/staging-website\/wp-json\/wp\/v2\/pages\/15\/revisions\/18256"}],"wp:attachment":[{"href":"https:\/\/www.bauchvital.de\/staging-website\/wp-json\/wp\/v2\/media?parent=15"}],"curies":[{"name":"wp","href":"https:\/\/api.w.org\/{rel}","templated":true}]}}