{"id":21410,"date":"2026-03-02T13:56:26","date_gmt":"2026-03-02T12:56:26","guid":{"rendered":"https:\/\/www.bauchvital.de\/staging-website\/?page_id=21410"},"modified":"2026-03-02T16:48:37","modified_gmt":"2026-03-02T15:48:37","slug":"beratung","status":"publish","type":"page","link":"https:\/\/www.bauchvital.de\/staging-website\/beratung\/","title":{"rendered":"Beratung"},"content":{"rendered":"\t\t<div data-elementor-type=\"wp-page\" data-elementor-id=\"21410\" class=\"elementor elementor-21410\">\n\t\t\t\t<div class=\"elementor-element elementor-element-342c7b33 banner e-flex e-con-boxed e-con e-parent\" data-id=\"342c7b33\" data-element_type=\"container\" data-e-type=\"container\" data-settings=\"{&quot;background_background&quot;:&quot;classic&quot;}\">\n\t\t\t\t\t<div class=\"e-con-inner\">\n\t\t<div class=\"elementor-element elementor-element-342aa1ac e-con-full e-flex e-con e-child\" data-id=\"342aa1ac\" data-element_type=\"container\" data-e-type=\"container\" data-settings=\"{&quot;background_background&quot;:&quot;classic&quot;}\">\n\t\t\t\t<div class=\"elementor-element elementor-element-6b8c632b elementor-widget elementor-widget-heading\" data-id=\"6b8c632b\" data-element_type=\"widget\" data-e-type=\"widget\" data-widget_type=\"heading.default\">\n\t\t\t\t\t<h1 class=\"elementor-heading-title elementor-size-default\">Produktberatung<\/h1>\t\t\t\t<\/div>\n\t\t\t\t<div class=\"elementor-element elementor-element-761b0937 elementor-widget elementor-widget-heading\" data-id=\"761b0937\" data-element_type=\"widget\" data-e-type=\"widget\" data-widget_type=\"heading.default\">\n\t\t\t\t\t<h4 class=\"elementor-heading-title elementor-size-default\">Gerne beraten wir Sie pers\u00f6nlich<\/h4>\t\t\t\t<\/div>\n\t\t\t\t<\/div>\n\t\t\t\t\t<\/div>\n\t\t\t\t<\/div>\n\t\t<div class=\"elementor-element elementor-element-d1dbf12 e-flex e-con-boxed e-con e-parent\" data-id=\"d1dbf12\" data-element_type=\"container\" data-e-type=\"container\">\n\t\t\t\t\t<div class=\"e-con-inner\">\n\t\t<div class=\"elementor-element elementor-element-4f31e93 e-flex e-con-boxed e-con e-child\" data-id=\"4f31e93\" data-element_type=\"container\" data-e-type=\"container\">\n\t\t\t\t\t<div class=\"e-con-inner\">\n\t\t<div class=\"elementor-element elementor-element-6e71ebd e-con-full e-flex e-con e-child\" data-id=\"6e71ebd\" data-element_type=\"container\" data-e-type=\"container\" data-settings=\"{&quot;background_background&quot;:&quot;classic&quot;}\">\n\t\t\t\t<div class=\"elementor-element elementor-element-bf12567 elementor-widget elementor-widget-heading\" data-id=\"bf12567\" data-element_type=\"widget\" data-e-type=\"widget\" data-widget_type=\"heading.default\">\n\t\t\t\t\t<h2 class=\"elementor-heading-title elementor-size-default\">Unsere Spezialisten helfen Ihnen gerne weiter!<\/h2>\t\t\t\t<\/div>\n\t\t\t\t<div class=\"elementor-element elementor-element-f4cce24 elementor-widget__width-initial elementor-widget elementor-widget-text-editor\" data-id=\"f4cce24\" data-element_type=\"widget\" data-e-type=\"widget\" data-widget_type=\"text-editor.default\">\n\t\t\t\t\t\t\t\t\t<p>M\u00f6chten Sie wissen, welches Nahrungserg\u00e4nzungsmittel in Ihrer Situation sinnvoll sein kann? Gerne beraten wir Sie pers\u00f6nlich. Unsere Spezialisten helfen Ihnen dabei, aus dem Sortiment von bauchvital die passende Erg\u00e4nzung auszuw\u00e4hlen \u2013 abgestimmt auf Ihre individuellen\u00a0 Bed\u00fcrfnisse. Dabei handelt es sich nicht um eine Ern\u00e4hrungsberatung (keine medizinische Auskunft).\u00a0<\/p><p>Ob Fragen zu <strong>Fructose- oder Histaminintoleranz, Reizdarm, Darmflora oder N\u00e4hrstoffversorgung<\/strong>: Wir nehmen uns Zeit f\u00fcr Ihr Anliegen und unterst\u00fctzen Sie dabei, eine gut informierte Entscheidung zu treffen.<\/p><p>Haben Sie spezielle Fragen zu unseren Produkten oder zu Ihrer pers\u00f6nlichen Situation?<br \/><strong>Sprechen Sie uns einfach an \u2013 wir helfen Ihnen gerne weiter:<\/strong><\/p>\t\t\t\t\t\t\t\t<\/div>\n\t\t\t\t<\/div>\n\t\t<div class=\"elementor-element elementor-element-c5a91c4 e-con-full e-flex e-con e-child\" data-id=\"c5a91c4\" data-element_type=\"container\" data-e-type=\"container\">\n\t\t<div class=\"elementor-element elementor-element-77e52fea e-con-full e-flex e-con e-child\" data-id=\"77e52fea\" data-element_type=\"container\" data-e-type=\"container\" data-settings=\"{&quot;background_background&quot;:&quot;classic&quot;}\">\n\t\t\t\t<div class=\"elementor-element elementor-element-7a809c90 elementor-widget elementor-widget-heading\" data-id=\"7a809c90\" data-element_type=\"widget\" data-e-type=\"widget\" data-widget_type=\"heading.default\">\n\t\t\t\t\t<h5 class=\"elementor-heading-title elementor-size-default\">Sie ben\u00f6tigen eine pers\u00f6nliche Beratung? <\/h5>\t\t\t\t<\/div>\n\t\t\t\t<div class=\"elementor-element elementor-element-118d6809 elementor-widget-divider--view-line elementor-widget elementor-widget-divider\" data-id=\"118d6809\" data-element_type=\"widget\" data-e-type=\"widget\" data-widget_type=\"divider.default\">\n\t\t\t\t\t\t\t<div class=\"elementor-divider\">\n\t\t\t<span class=\"elementor-divider-separator\">\n\t\t\t\t\t\t<\/span>\n\t\t<\/div>\n\t\t\t\t\t\t<\/div>\n\t\t\t\t<div class=\"elementor-element elementor-element-738dcd7 elementor-widget elementor-widget-heading\" data-id=\"738dcd7\" data-element_type=\"widget\" data-e-type=\"widget\" data-widget_type=\"heading.default\">\n\t\t\t\t\t<h4 class=\"elementor-heading-title elementor-size-default\">Senden Sie uns einfach eine Nachricht:<\/h4>\t\t\t\t<\/div>\n\t\t\t\t<div class=\"elementor-element elementor-element-cee2ab0 elementor-widget elementor-widget-html\" data-id=\"cee2ab0\" data-element_type=\"widget\" data-e-type=\"widget\" data-widget_type=\"html.default\">\n\t\t\t\t\t\n<div class=\"wpcf7 no-js\" id=\"wpcf7-f21419-o1\" lang=\"de-DE\" dir=\"ltr\" data-wpcf7-id=\"21419\">\n<div class=\"screen-reader-response\"><p role=\"status\" aria-live=\"polite\" aria-atomic=\"true\"><\/p> <ul><\/ul><\/div>\n<form action=\"\/staging-website\/wp-json\/wp\/v2\/pages\/21410#wpcf7-f21419-o1\" method=\"post\" class=\"wpcf7-form init\" aria-label=\"Kontaktformular\" novalidate=\"novalidate\" data-status=\"init\">\n<fieldset class=\"hidden-fields-container\"><input type=\"hidden\" name=\"_wpcf7\" value=\"21419\" \/><input type=\"hidden\" name=\"_wpcf7_version\" value=\"6.1.5\" \/><input type=\"hidden\" name=\"_wpcf7_locale\" value=\"de_DE\" \/><input type=\"hidden\" name=\"_wpcf7_unit_tag\" value=\"wpcf7-f21419-o1\" \/><input type=\"hidden\" name=\"_wpcf7_container_post\" value=\"0\" \/><input type=\"hidden\" name=\"_wpcf7_posted_data_hash\" value=\"\" \/>\n<\/fieldset>\n<div class=\"bm-flex-row form-flat\">\n\t<div class=\"gender-row\">\n\t\t<p><span class=\"wpcf7-form-control-wrap\" data-name=\"radio-gender\"><span class=\"wpcf7-form-control wpcf7-radio\"><span class=\"wpcf7-list-item first\"><label><input type=\"radio\" name=\"radio-gender\" value=\"Mann\" checked=\"checked\" \/><span class=\"wpcf7-list-item-label\">Mann<\/span><\/label><\/span><span class=\"wpcf7-list-item last\"><label><input type=\"radio\" name=\"radio-gender\" value=\"Frau\" \/><span class=\"wpcf7-list-item-label\">Frau<\/span><\/label><\/span><\/span><\/span>\n\t\t<\/p>\n\t<\/div>\n\t<div class=\"email-row\">\n\t\t<p><span class=\"wpcf7-form-control-wrap\" data-name=\"your-email\"><input size=\"40\" maxlength=\"400\" class=\"wpcf7-form-control wpcf7-email wpcf7-validates-as-required wpcf7-text wpcf7-validates-as-email\" aria-required=\"true\" aria-invalid=\"false\" placeholder=\"Ihre Email Adresse*\" value=\"\" type=\"email\" name=\"your-email\" \/><\/span>\n\t\t<\/p>\n\t<\/div>\n\t<div class=\"names-row\">\n\t\t<div class=\"names-col\">\n\t\t\t<p><span class=\"wpcf7-form-control-wrap\" data-name=\"text-vorname\"><input size=\"40\" maxlength=\"400\" class=\"wpcf7-form-control wpcf7-text\" aria-invalid=\"false\" placeholder=\"Vorname\" value=\"\" type=\"text\" name=\"text-vorname\" \/><\/span>\n\t\t\t<\/p>\n\t\t<\/div>\n\t\t<div class=\"names-col\">\n\t\t\t<p><span class=\"wpcf7-form-control-wrap\" data-name=\"text-nachname\"><input size=\"40\" maxlength=\"400\" class=\"wpcf7-form-control wpcf7-text\" aria-invalid=\"false\" placeholder=\"Nachname\" value=\"\" type=\"text\" name=\"text-nachname\" \/><\/span>\n\t\t\t<\/p>\n\t\t<\/div>\n\t<\/div>\n\t<div class=\"names-col\">\n\t\t<p><span class=\"wpcf7-form-control-wrap\" data-name=\"Frage\"><textarea cols=\"40\" rows=\"10\" maxlength=\"2000\" class=\"wpcf7-form-control wpcf7-textarea\" aria-invalid=\"false\" placeholder=\"Frage\" name=\"Frage\"><\/textarea><\/span>\n\t\t<\/p>\n\t<\/div>\n<\/div>\n<p><span class=\"wpcf7-form-control-wrap\" data-name=\"checkbox-dsgvo\"><span class=\"wpcf7-form-control wpcf7-checkbox wpcf7-validates-as-required\"><span class=\"wpcf7-list-item first last\"><label><input type=\"checkbox\" name=\"checkbox-dsgvo[]\" value=\"Ich habe die Datenschutzbestimmungen zur Kenntnis genommen.\" \/><span class=\"wpcf7-list-item-label\">Ich habe die Datenschutzbestimmungen zur Kenntnis genommen.<\/span><\/label><\/span><\/span><\/span>\n<\/p>\n<div class=\"bm-flex-submit\">\n\t<p><input class=\"wpcf7-form-control wpcf7-submit has-spinner button\" type=\"submit\" value=\"Senden\" \/>\n\t<\/p>\n<\/div>\n<div class=\"wpcf7-response-output\" aria-hidden=\"true\"><\/div>\n<\/form>\n<\/div>\n\t\t\t\t<\/div>\n\t\t\t\t<\/div>\n\t\t<div class=\"elementor-element elementor-element-8e04e6e e-con-full elementor-hidden-desktop elementor-hidden-tablet elementor-hidden-mobile e-flex e-con e-child\" data-id=\"8e04e6e\" data-element_type=\"container\" data-e-type=\"container\" data-settings=\"{&quot;background_background&quot;:&quot;classic&quot;}\">\n\t\t\t\t<div class=\"elementor-element elementor-element-bca739f elementor-widget elementor-widget-heading\" data-id=\"bca739f\" data-element_type=\"widget\" data-e-type=\"widget\" data-widget_type=\"heading.default\">\n\t\t\t\t\t<h3 class=\"elementor-heading-title elementor-size-default\">Kontaktdetails\n<\/h3>\t\t\t\t<\/div>\n\t\t\t\t<div class=\"elementor-element elementor-element-157fad2 elementor-widget-divider--view-line elementor-widget elementor-widget-divider\" data-id=\"157fad2\" data-element_type=\"widget\" data-e-type=\"widget\" data-widget_type=\"divider.default\">\n\t\t\t\t\t\t\t<div class=\"elementor-divider\">\n\t\t\t<span class=\"elementor-divider-separator\">\n\t\t\t\t\t\t<\/span>\n\t\t<\/div>\n\t\t\t\t\t\t<\/div>\n\t\t\t\t<div class=\"elementor-element elementor-element-b95276c elementor-widget elementor-widget-heading\" data-id=\"b95276c\" data-element_type=\"widget\" data-e-type=\"widget\" data-widget_type=\"heading.default\">\n\t\t\t\t\t<h4 class=\"elementor-heading-title elementor-size-default\">Laktonova GmbH<\/h4>\t\t\t\t<\/div>\n\t\t\t\t<div class=\"elementor-element elementor-element-15f3f52 elementor-widget__width-initial elementor-widget elementor-widget-text-editor\" data-id=\"15f3f52\" data-element_type=\"widget\" data-e-type=\"widget\" data-widget_type=\"text-editor.default\">\n\t\t\t\t\t\t\t\t\t<p style=\"text-align: left;\"><strong>Telefon:<\/strong>\u00a0030 \/ 27 58 93 63<br \/><strong>Fax:<\/strong>\u00a004405 \/ 18 19 999<br \/><strong>E-Mail:<\/strong>\u00a0kontakt(at)laktonova.de<\/p>\t\t\t\t\t\t\t\t<\/div>\n\t\t\t\t<\/div>\n\t\t<div class=\"elementor-element elementor-element-23bd0c3c e-con-full elementor-hidden-desktop elementor-hidden-tablet elementor-hidden-mobile e-flex e-con e-child\" data-id=\"23bd0c3c\" data-element_type=\"container\" data-e-type=\"container\" data-settings=\"{&quot;background_background&quot;:&quot;classic&quot;}\">\n\t\t\t\t<div class=\"elementor-element elementor-element-49e4e7c8 elementor-widget elementor-widget-heading\" data-id=\"49e4e7c8\" data-element_type=\"widget\" data-e-type=\"widget\" data-widget_type=\"heading.default\">\n\t\t\t\t\t<h3 class=\"elementor-heading-title elementor-size-default\">Kostenlose Patienteninfo anfordern<\/h3>\t\t\t\t<\/div>\n\t\t\t\t<div class=\"elementor-element elementor-element-56a3af6a elementor-widget-divider--view-line elementor-widget elementor-widget-divider\" data-id=\"56a3af6a\" data-element_type=\"widget\" data-e-type=\"widget\" data-widget_type=\"divider.default\">\n\t\t\t\t\t\t\t<div class=\"elementor-divider\">\n\t\t\t<span class=\"elementor-divider-separator\">\n\t\t\t\t\t\t<\/span>\n\t\t<\/div>\n\t\t\t\t\t\t<\/div>\n\t\t\t\t<div class=\"elementor-element elementor-element-eac3ff9 elementor-widget elementor-widget-text-editor\" data-id=\"eac3ff9\" data-element_type=\"widget\" data-e-type=\"widget\" data-widget_type=\"text-editor.default\">\n\t\t\t\t\t\t\t\t\t<p style=\"text-align: left;\">Bitte fordern Sie hier kostenlos und unverbindlich unsere beliebte, 16-seitige Patientenbrosch\u00fcre an. Die Sendung erhalten Sie in K\u00fcrze per Post. Einfach Adressdaten eingeben, absenden \u2013 Fertig!<\/p>\t\t\t\t\t\t\t\t<\/div>\n\t\t\t\t<div class=\"elementor-element elementor-element-352c95d2 elementor-widget elementor-widget-button\" data-id=\"352c95d2\" data-element_type=\"widget\" data-e-type=\"widget\" data-widget_type=\"button.default\">\n\t\t\t\t\t\t\t\t\t\t<a class=\"elementor-button elementor-button-link elementor-size-sm\" href=\"\/broschuere-endverbraucher\/\">\n\t\t\t\t\t\t<span class=\"elementor-button-content-wrapper\">\n\t\t\t\t\t\t\t\t\t<span class=\"elementor-button-text\">Endverbraucher<\/span>\n\t\t\t\t\t<\/span>\n\t\t\t\t\t<\/a>\n\t\t\t\t\t\t\t\t<\/div>\n\t\t\t\t<div class=\"elementor-element elementor-element-3a96e2a8 elementor-widget elementor-widget-button\" data-id=\"3a96e2a8\" data-element_type=\"widget\" data-e-type=\"widget\" data-widget_type=\"button.default\">\n\t\t\t\t\t\t\t\t\t\t<a class=\"elementor-button elementor-button-link elementor-size-sm\" href=\"\/broschuere-fachkreise\/\">\n\t\t\t\t\t\t<span class=\"elementor-button-content-wrapper\">\n\t\t\t\t\t\t\t\t\t<span class=\"elementor-button-text\">Fachkreise<\/span>\n\t\t\t\t\t<\/span>\n\t\t\t\t\t<\/a>\n\t\t\t\t\t\t\t\t<\/div>\n\t\t\t\t<\/div>\n\t\t\t\t<\/div>\n\t\t\t\t\t<\/div>\n\t\t\t\t<\/div>\n\t\t\t\t\t<\/div>\n\t\t\t\t<\/div>\n\t\t\t\t<\/div>\n\t\t","protected":false},"excerpt":{"rendered":"<p>Produktberatung Gerne beraten wir Sie pers\u00f6nlich Unsere Spezialisten helfen Ihnen gerne weiter! M\u00f6chten Sie wissen, welches Nahrungserg\u00e4nzungsmittel in Ihrer Situation sinnvoll sein kann? Gerne beraten wir Sie pers\u00f6nlich. Unsere Spezialisten helfen Ihnen dabei, aus dem Sortiment von bauchvital die passende Erg\u00e4nzung auszuw\u00e4hlen \u2013 abgestimmt auf Ihre individuellen\u00a0 Bed\u00fcrfnisse. Dabei handelt es sich nicht um eine [&hellip;]<\/p>\n","protected":false},"author":81,"featured_media":0,"parent":0,"menu_order":11,"comment_status":"closed","ping_status":"closed","template":"","meta":{"site-sidebar-layout":"default","site-content-layout":"","ast-site-content-layout":"default","site-content-style":"default","site-sidebar-style":"default","ast-global-header-display":"","ast-banner-title-visibility":"","ast-main-header-display":"","ast-hfb-above-header-display":"","ast-hfb-below-header-display":"","ast-hfb-mobile-header-display":"","site-post-title":"disabled","ast-breadcrumbs-content":"","ast-featured-img":"","footer-sml-layout":"","ast-disable-related-posts":"","theme-transparent-header-meta":"","adv-header-id-meta":"","stick-header-meta":"","header-above-stick-meta":"","header-main-stick-meta":"","header-below-stick-meta":"","astra-migrate-meta-layouts":"default","ast-page-background-enabled":"default","ast-page-background-meta":{"desktop":{"background-color":"var(--ast-global-color-5)","background-image":"","background-repeat":"repeat","background-position":"center center","background-size":"auto","background-attachment":"scroll","background-type":"","background-media":"","overlay-type":"","overlay-color":"","overlay-opacity":"","overlay-gradient":""},"tablet":{"background-color":"","background-image":"","background-repeat":"repeat","background-position":"center center","background-size":"auto","background-attachment":"scroll","background-type":"","background-media":"","overlay-type":"","overlay-color":"","overlay-opacity":"","overlay-gradient":""},"mobile":{"background-color":"","background-image":"","background-repeat":"repeat","background-position":"center center","background-size":"auto","background-attachment":"scroll","background-type":"","background-media":"","overlay-type":"","overlay-color":"","overlay-opacity":"","overlay-gradient":""}},"ast-content-background-meta":{"desktop":{"background-color":"var(--ast-global-color-4)","background-image":"","background-repeat":"repeat","background-position":"center center","background-size":"auto","background-attachment":"scroll","background-type":"","background-media":"","overlay-type":"","overlay-color":"","overlay-opacity":"","overlay-gradient":""},"tablet":{"background-color":"var(--ast-global-color-4)","background-image":"","background-repeat":"repeat","background-position":"center center","background-size":"auto","background-attachment":"scroll","background-type":"","background-media":"","overlay-type":"","overlay-color":"","overlay-opacity":"","overlay-gradient":""},"mobile":{"background-color":"var(--ast-global-color-4)","background-image":"","background-repeat":"repeat","background-position":"center center","background-size":"auto","background-attachment":"scroll","background-type":"","background-media":"","overlay-type":"","overlay-color":"","overlay-opacity":"","overlay-gradient":""}},"footnotes":""},"class_list":["post-21410","page","type-page","status-publish","hentry"],"_links":{"self":[{"href":"https:\/\/www.bauchvital.de\/staging-website\/wp-json\/wp\/v2\/pages\/21410","targetHints":{"allow":["GET"]}}],"collection":[{"href":"https:\/\/www.bauchvital.de\/staging-website\/wp-json\/wp\/v2\/pages"}],"about":[{"href":"https:\/\/www.bauchvital.de\/staging-website\/wp-json\/wp\/v2\/types\/page"}],"author":[{"embeddable":true,"href":"https:\/\/www.bauchvital.de\/staging-website\/wp-json\/wp\/v2\/users\/81"}],"replies":[{"embeddable":true,"href":"https:\/\/www.bauchvital.de\/staging-website\/wp-json\/wp\/v2\/comments?post=21410"}],"version-history":[{"count":6,"href":"https:\/\/www.bauchvital.de\/staging-website\/wp-json\/wp\/v2\/pages\/21410\/revisions"}],"predecessor-version":[{"id":21464,"href":"https:\/\/www.bauchvital.de\/staging-website\/wp-json\/wp\/v2\/pages\/21410\/revisions\/21464"}],"wp:attachment":[{"href":"https:\/\/www.bauchvital.de\/staging-website\/wp-json\/wp\/v2\/media?parent=21410"}],"curies":[{"name":"wp","href":"https:\/\/api.w.org\/{rel}","templated":true}]}}